{"id":14493,"date":"2025-11-10T09:25:42","date_gmt":"2025-11-10T08:25:42","guid":{"rendered":"https:\/\/tisvildehoejskole.dk\/?page_id=14493"},"modified":"2025-11-25T13:55:28","modified_gmt":"2025-11-25T12:55:28","slug":"moed-forstanderen","status":"publish","type":"page","link":"https:\/\/tisvildehoejskole.dk\/en\/moed-forstanderen\/","title":{"rendered":"M\u00f8d Forstanderen"},"content":{"rendered":"<div data-colibri-id=\"14493-c1\" class=\"style-1786 style-local-14493-c1 position-relative\">\r\n  <!---->\r\n  <div data-colibri-component=\"section\" data-colibri-id=\"14493-c2\" id=\"content\" class=\"h-section h-section-global-spacing d-flex align-items-lg-center align-items-md-center align-items-center style-1787 style-local-14493-c2 position-relative\">\r\n    <!---->\r\n    <!---->\r\n    <div class=\"h-section-grid-container h-section-boxed-container\">\r\n      <!---->\r\n      <div data-colibri-id=\"14493-c3\" class=\"h-row-container gutters-row-lg-2 gutters-row-md-2 gutters-row-0 gutters-row-v-lg-2 gutters-row-v-md-2 gutters-row-v-2 style-1791 style-local-14493-c3 position-relative\">\r\n        <!---->\r\n        <div class=\"h-row justify-content-lg-center justify-content-md-center justify-content-center align-items-lg-stretch align-items-md-stretch align-items-stretch gutters-col-lg-2 gutters-col-md-2 gutters-col-0 gutters-col-v-lg-2 gutters-col-v-md-2 gutters-col-v-2\">\r\n          <!---->\r\n          <div class=\"h-column h-column-container d-flex h-col-lg-auto h-col-md-auto h-col-auto style-1792-outer style-local-14493-c4-outer\">\r\n            <div data-colibri-id=\"14493-c4\" class=\"d-flex h-flex-basis h-column__inner h-px-lg-2 h-px-md-2 h-px-2 v-inner-lg-2 v-inner-md-2 v-inner-2 style-1792 style-local-14493-c4 position-relative\">\r\n              <!---->\r\n              <!---->\r\n              <div class=\"w-100 h-y-container h-column__content h-column__v-align flex-basis-100 align-self-lg-center align-self-md-center align-self-center\">\r\n                <!---->\r\n                <div data-colibri-id=\"14493-c5\" class=\"h-global-transition-all h-heading style-1790 style-local-14493-c5 position-relative h-element\">\r\n                  <!---->\r\n                  <div class=\"h-heading__outer style-1790 style-local-14493-c5\">\r\n                    <!---->\r\n                    <!---->\r\n                    <h2 class=\"\">Jacob Frische<\/h2>\r\n                  <\/div>\r\n                <\/div>\r\n                <div data-colibri-id=\"14493-c6\" class=\"h-text h-text-component style-1795 style-local-14493-c6 position-relative h-element\">\r\n                  <!---->\r\n                  <!---->\r\n                  <div class=\"\">\r\n                    <p>Jacob Frische har v\u00e6ret forstander p\u00e5 Tisvilde H\u00f8jskole siden 1. juni 2025. Han er uddannet journalist og har blandt andet v\u00e6ret studiev\u00e6rt p\u00e5 DR-programmerne \u2019DR2 Morgen\u2019 og \u2019DR2 Dagen\u2019.&nbsp;<\/p>\r\n                    <p>Jacob har en bred erfaring inden for ledelse p\u00e5 kulturomr\u00e5det, blandt andet som kommunikationschef og udviklingschef p\u00e5 Nationalmuseet.<\/p>\r\n                    <p>Jacob er vokset op p\u00e5 kursuscenteret \u2019Liseg\u00e5rden\u2019 i Liseleje, som for\u00e6ldrene ejede og drev i en lang \u00e5rr\u00e6kke. Han har boet med sin familie i Tisvilde siden 2006.<\/p>\r\n                    <p>Jacob kan kontaktes p\u00e5&nbsp;\r\n                      <a href=\"mailto:forstander@tisvildehoejskole.dk\" style=\"color: rgb(0, 120, 212);\">forstander@tisvildehoejskole.dk<\/a>\r\n                    <\/p>\r\n                  <\/div>\r\n                <\/div>\r\n              <\/div>\r\n            <\/div>\r\n          <\/div>\r\n          <div class=\"h-column h-column-container d-flex h-col-lg-auto h-col-md-auto h-col-auto style-1794-outer style-local-14493-c7-outer\">\r\n            <div data-colibri-id=\"14493-c7\" class=\"d-flex h-flex-basis h-column__inner h-px-lg-2 h-px-md-2 h-px-2 v-inner-lg-2 v-inner-md-2 v-inner-2 style-1794 style-local-14493-c7 position-relative\">\r\n              <!---->\r\n              <!---->\r\n              <div class=\"w-100 h-y-container h-column__content h-column__v-align flex-basis-100 align-self-lg-start align-self-md-start align-self-start\">\r\n                <!---->\r\n                <div data-colibri-id=\"14493-c8\" class=\"d-block style-1803 style-local-14493-c8 position-relative h-element\">\r\n                  <!---->\r\n                  <div class=\"h-image__frame-container-outer\">\r\n                    <div class=\"h-image__frame-container\">\r\n                      <!---->\r\n                      <!---->\r\n                      <img loading=\"lazy\" decoding=\"async\" width=\"800\" height=\"1199\" src=\"https:\/\/tisvildehoejskole.dk\/wp-content\/uploads\/2025\/11\/Jacob-1-1-w800.jpg\" class=\"wp-image-14497 style-1803-image style-local-14493-c8-image\" alt=\"\" srcset=\"https:\/\/tisvildehoejskole.dk\/wp-content\/uploads\/2025\/11\/Jacob-1-1-w800.jpg 800w, https:\/\/tisvildehoejskole.dk\/wp-content\/uploads\/2025\/11\/Jacob-1-1-w800-200x300.jpg 200w, https:\/\/tisvildehoejskole.dk\/wp-content\/uploads\/2025\/11\/Jacob-1-1-w800-683x1024.jpg 683w, https:\/\/tisvildehoejskole.dk\/wp-content\/uploads\/2025\/11\/Jacob-1-1-w800-768x1151.jpg 768w, https:\/\/tisvildehoejskole.dk\/wp-content\/uploads\/2025\/11\/Jacob-1-1-w800-8x12.jpg 8w\" sizes=\"auto, (max-width: 800px) 100vw, 800px\" \/>\r\n                      <div class=\"h-image__frame h-hide-lg h-hide-md h-hide-sm style-1803-frameImage style-local-14493-c8-frameImage\"><\/div>\r\n                    <\/div>\r\n                  <\/div>\r\n                <\/div>\r\n              <\/div>\r\n            <\/div>\r\n          <\/div>\r\n        <\/div>\r\n      <\/div>\r\n    <\/div>\r\n  <\/div>\r\n<\/div>","protected":false},"excerpt":{"rendered":"<p>Jacob Frische Jacob Frische har v\u00e6ret forstander p\u00e5 Tisvilde H\u00f8jskole siden 1. juni 2025. Han er uddannet journalist og har blandt andet v\u00e6ret studiev\u00e6rt p\u00e5 DR-programmerne \u2019DR2 Morgen\u2019 og \u2019DR2 [&hellip;]<\/p>","protected":false},"author":18,"featured_media":0,"parent":0,"menu_order":0,"comment_status":"closed","ping_status":"closed","template":"page-templates\/full-width-page.php","meta":{"_acf_changed":false,"footnotes":""},"class_list":["post-14493","page","type-page","status-publish","hentry"],"acf":[],"yoast_head":"<!-- This site is optimized with the Yoast SEO plugin v26.5 - https:\/\/yoast.com\/wordpress\/plugins\/seo\/ -->\n<title>M\u00f8d Forstanderen - Tisvilde H\u00f8jskole<\/title>\n<meta name=\"robots\" content=\"index, follow, max-snippet:-1, max-image-preview:large, max-video-preview:-1\" \/>\n<link rel=\"canonical\" href=\"https:\/\/tisvildehoejskole.dk\/en\/moed-forstanderen\/\" \/>\n<meta property=\"og:locale\" content=\"en_US\" \/>\n<meta property=\"og:type\" content=\"article\" \/>\n<meta property=\"og:title\" content=\"M\u00f8d Forstanderen - Tisvilde H\u00f8jskole\" \/>\n<meta property=\"og:description\" content=\"Jacob Frische Jacob Frische har v\u00e6ret forstander p\u00e5 Tisvilde H\u00f8jskole siden 1. juni 2025. Han er uddannet journalist og har blandt andet v\u00e6ret studiev\u00e6rt p\u00e5 DR-programmerne \u2019DR2 Morgen\u2019 og \u2019DR2 [&hellip;]\" \/>\n<meta property=\"og:url\" content=\"https:\/\/tisvildehoejskole.dk\/en\/moed-forstanderen\/\" \/>\n<meta property=\"og:site_name\" content=\"Tisvilde H\u00f8jskole\" \/>\n<meta property=\"article:publisher\" content=\"https:\/\/www.facebook.com\/Tisvildehoejskole\" \/>\n<meta property=\"article:modified_time\" content=\"2025-11-25T12:55:28+00:00\" \/>\n<meta property=\"og:image\" content=\"https:\/\/tisvildehoejskole.dk\/wp-content\/uploads\/2025\/11\/Jacob-1-1-w800.jpg\" \/>\n\t<meta property=\"og:image:width\" content=\"800\" \/>\n\t<meta property=\"og:image:height\" content=\"1199\" \/>\n\t<meta property=\"og:image:type\" content=\"image\/jpeg\" \/>\n<meta name=\"twitter:card\" content=\"summary_large_image\" \/>\n<meta name=\"twitter:label1\" content=\"Est. reading time\" \/>\n\t<meta name=\"twitter:data1\" content=\"1 minute\" \/>\n<script type=\"application\/ld+json\" class=\"yoast-schema-graph\">{\"@context\":\"https:\/\/schema.org\",\"@graph\":[{\"@type\":\"WebPage\",\"@id\":\"https:\/\/tisvildehoejskole.dk\/moed-forstanderen\/\",\"url\":\"https:\/\/tisvildehoejskole.dk\/moed-forstanderen\/\",\"name\":\"M\u00f8d Forstanderen - Tisvilde H\u00f8jskole\",\"isPartOf\":{\"@id\":\"https:\/\/tisvildehoejskole.dk\/#website\"},\"primaryImageOfPage\":{\"@id\":\"https:\/\/tisvildehoejskole.dk\/moed-forstanderen\/#primaryimage\"},\"image\":{\"@id\":\"https:\/\/tisvildehoejskole.dk\/moed-forstanderen\/#primaryimage\"},\"thumbnailUrl\":\"https:\/\/tisvildehoejskole.dk\/wp-content\/uploads\/2025\/11\/Jacob-1-1-w800.jpg\",\"datePublished\":\"2025-11-10T08:25:42+00:00\",\"dateModified\":\"2025-11-25T12:55:28+00:00\",\"breadcrumb\":{\"@id\":\"https:\/\/tisvildehoejskole.dk\/moed-forstanderen\/#breadcrumb\"},\"inLanguage\":\"en-US\",\"potentialAction\":[{\"@type\":\"ReadAction\",\"target\":[\"https:\/\/tisvildehoejskole.dk\/moed-forstanderen\/\"]}]},{\"@type\":\"ImageObject\",\"inLanguage\":\"en-US\",\"@id\":\"https:\/\/tisvildehoejskole.dk\/moed-forstanderen\/#primaryimage\",\"url\":\"https:\/\/tisvildehoejskole.dk\/wp-content\/uploads\/2025\/11\/Jacob-1-1-w800.jpg\",\"contentUrl\":\"https:\/\/tisvildehoejskole.dk\/wp-content\/uploads\/2025\/11\/Jacob-1-1-w800.jpg\"},{\"@type\":\"BreadcrumbList\",\"@id\":\"https:\/\/tisvildehoejskole.dk\/moed-forstanderen\/#breadcrumb\",\"itemListElement\":[{\"@type\":\"ListItem\",\"position\":1,\"name\":\"Hjem\",\"item\":\"https:\/\/tisvildehoejskole.dk\/\"},{\"@type\":\"ListItem\",\"position\":2,\"name\":\"M\u00f8d Forstanderen\"}]},{\"@type\":\"WebSite\",\"@id\":\"https:\/\/tisvildehoejskole.dk\/#website\",\"url\":\"https:\/\/tisvildehoejskole.dk\/\",\"name\":\"Tisvilde H\u00f8jskole\",\"description\":\"kultur, ferie &amp; kursushotel\",\"publisher\":{\"@id\":\"https:\/\/tisvildehoejskole.dk\/#organization\"},\"potentialAction\":[{\"@type\":\"SearchAction\",\"target\":{\"@type\":\"EntryPoint\",\"urlTemplate\":\"https:\/\/tisvildehoejskole.dk\/?s={search_term_string}\"},\"query-input\":{\"@type\":\"PropertyValueSpecification\",\"valueRequired\":true,\"valueName\":\"search_term_string\"}}],\"inLanguage\":\"en-US\"},{\"@type\":\"Organization\",\"@id\":\"https:\/\/tisvildehoejskole.dk\/#organization\",\"name\":\"Tisvilde H\u00f8jskole\",\"url\":\"https:\/\/tisvildehoejskole.dk\/\",\"logo\":{\"@type\":\"ImageObject\",\"inLanguage\":\"en-US\",\"@id\":\"https:\/\/tisvildehoejskole.dk\/#\/schema\/logo\/image\/\",\"url\":\"https:\/\/tisvildehoejskole.dk\/wp-content\/uploads\/2021\/07\/Tisvilde-Hojskole-Logo-Bla.png\",\"contentUrl\":\"https:\/\/tisvildehoejskole.dk\/wp-content\/uploads\/2021\/07\/Tisvilde-Hojskole-Logo-Bla.png\",\"width\":4633,\"height\":1061,\"caption\":\"Tisvilde H\u00f8jskole\"},\"image\":{\"@id\":\"https:\/\/tisvildehoejskole.dk\/#\/schema\/logo\/image\/\"},\"sameAs\":[\"https:\/\/www.facebook.com\/Tisvildehoejskole\"]}]}<\/script>\n<!-- \/ Yoast SEO plugin. -->","yoast_head_json":{"title":"M\u00f8d Forstanderen - Tisvilde H\u00f8jskole","robots":{"index":"index","follow":"follow","max-snippet":"max-snippet:-1","max-image-preview":"max-image-preview:large","max-video-preview":"max-video-preview:-1"},"canonical":"https:\/\/tisvildehoejskole.dk\/en\/moed-forstanderen\/","og_locale":"en_US","og_type":"article","og_title":"M\u00f8d Forstanderen - Tisvilde H\u00f8jskole","og_description":"Jacob Frische Jacob Frische har v\u00e6ret forstander p\u00e5 Tisvilde H\u00f8jskole siden 1. juni 2025. Han er uddannet journalist og har blandt andet v\u00e6ret studiev\u00e6rt p\u00e5 DR-programmerne \u2019DR2 Morgen\u2019 og \u2019DR2 [&hellip;]","og_url":"https:\/\/tisvildehoejskole.dk\/en\/moed-forstanderen\/","og_site_name":"Tisvilde H\u00f8jskole","article_publisher":"https:\/\/www.facebook.com\/Tisvildehoejskole","article_modified_time":"2025-11-25T12:55:28+00:00","og_image":[{"width":800,"height":1199,"url":"https:\/\/tisvildehoejskole.dk\/wp-content\/uploads\/2025\/11\/Jacob-1-1-w800.jpg","type":"image\/jpeg"}],"twitter_card":"summary_large_image","twitter_misc":{"Est. reading time":"1 minute"},"schema":{"@context":"https:\/\/schema.org","@graph":[{"@type":"WebPage","@id":"https:\/\/tisvildehoejskole.dk\/moed-forstanderen\/","url":"https:\/\/tisvildehoejskole.dk\/moed-forstanderen\/","name":"M\u00f8d Forstanderen - Tisvilde H\u00f8jskole","isPartOf":{"@id":"https:\/\/tisvildehoejskole.dk\/#website"},"primaryImageOfPage":{"@id":"https:\/\/tisvildehoejskole.dk\/moed-forstanderen\/#primaryimage"},"image":{"@id":"https:\/\/tisvildehoejskole.dk\/moed-forstanderen\/#primaryimage"},"thumbnailUrl":"https:\/\/tisvildehoejskole.dk\/wp-content\/uploads\/2025\/11\/Jacob-1-1-w800.jpg","datePublished":"2025-11-10T08:25:42+00:00","dateModified":"2025-11-25T12:55:28+00:00","breadcrumb":{"@id":"https:\/\/tisvildehoejskole.dk\/moed-forstanderen\/#breadcrumb"},"inLanguage":"en-US","potentialAction":[{"@type":"ReadAction","target":["https:\/\/tisvildehoejskole.dk\/moed-forstanderen\/"]}]},{"@type":"ImageObject","inLanguage":"en-US","@id":"https:\/\/tisvildehoejskole.dk\/moed-forstanderen\/#primaryimage","url":"https:\/\/tisvildehoejskole.dk\/wp-content\/uploads\/2025\/11\/Jacob-1-1-w800.jpg","contentUrl":"https:\/\/tisvildehoejskole.dk\/wp-content\/uploads\/2025\/11\/Jacob-1-1-w800.jpg"},{"@type":"BreadcrumbList","@id":"https:\/\/tisvildehoejskole.dk\/moed-forstanderen\/#breadcrumb","itemListElement":[{"@type":"ListItem","position":1,"name":"Hjem","item":"https:\/\/tisvildehoejskole.dk\/"},{"@type":"ListItem","position":2,"name":"M\u00f8d Forstanderen"}]},{"@type":"WebSite","@id":"https:\/\/tisvildehoejskole.dk\/#website","url":"https:\/\/tisvildehoejskole.dk\/","name":"Tisvilde H\u00f8jskole","description":"kultur, ferie &amp; kursushotel","publisher":{"@id":"https:\/\/tisvildehoejskole.dk\/#organization"},"potentialAction":[{"@type":"SearchAction","target":{"@type":"EntryPoint","urlTemplate":"https:\/\/tisvildehoejskole.dk\/?s={search_term_string}"},"query-input":{"@type":"PropertyValueSpecification","valueRequired":true,"valueName":"search_term_string"}}],"inLanguage":"en-US"},{"@type":"Organization","@id":"https:\/\/tisvildehoejskole.dk\/#organization","name":"Tisvilde H\u00f8jskole","url":"https:\/\/tisvildehoejskole.dk\/","logo":{"@type":"ImageObject","inLanguage":"en-US","@id":"https:\/\/tisvildehoejskole.dk\/#\/schema\/logo\/image\/","url":"https:\/\/tisvildehoejskole.dk\/wp-content\/uploads\/2021\/07\/Tisvilde-Hojskole-Logo-Bla.png","contentUrl":"https:\/\/tisvildehoejskole.dk\/wp-content\/uploads\/2021\/07\/Tisvilde-Hojskole-Logo-Bla.png","width":4633,"height":1061,"caption":"Tisvilde H\u00f8jskole"},"image":{"@id":"https:\/\/tisvildehoejskole.dk\/#\/schema\/logo\/image\/"},"sameAs":["https:\/\/www.facebook.com\/Tisvildehoejskole"]}]}},"_links":{"self":[{"href":"https:\/\/tisvildehoejskole.dk\/en\/wp-json\/wp\/v2\/pages\/14493","targetHints":{"allow":["GET"]}}],"collection":[{"href":"https:\/\/tisvildehoejskole.dk\/en\/wp-json\/wp\/v2\/pages"}],"about":[{"href":"https:\/\/tisvildehoejskole.dk\/en\/wp-json\/wp\/v2\/types\/page"}],"author":[{"embeddable":true,"href":"https:\/\/tisvildehoejskole.dk\/en\/wp-json\/wp\/v2\/users\/18"}],"replies":[{"embeddable":true,"href":"https:\/\/tisvildehoejskole.dk\/en\/wp-json\/wp\/v2\/comments?post=14493"}],"version-history":[{"count":6,"href":"https:\/\/tisvildehoejskole.dk\/en\/wp-json\/wp\/v2\/pages\/14493\/revisions"}],"predecessor-version":[{"id":14528,"href":"https:\/\/tisvildehoejskole.dk\/en\/wp-json\/wp\/v2\/pages\/14493\/revisions\/14528"}],"wp:attachment":[{"href":"https:\/\/tisvildehoejskole.dk\/en\/wp-json\/wp\/v2\/media?parent=14493"}],"curies":[{"name":"wp","href":"https:\/\/api.w.org\/{rel}","templated":true}]}}