{"id":14895,"date":"2026-02-11T16:31:38","date_gmt":"2026-02-11T15:31:38","guid":{"rendered":"https:\/\/tisvildehoejskole.dk\/?page_id=14895"},"modified":"2026-02-12T09:31:35","modified_gmt":"2026-02-12T08:31:35","slug":"historie","status":"publish","type":"page","link":"https:\/\/tisvildehoejskole.dk\/en\/historie\/","title":{"rendered":"Historie"},"content":{"rendered":"<div data-colibri-id=\"14895-c1\" class=\"style-1858 style-local-14895-c1 position-relative\">\n  <!---->\n  <div data-colibri-component=\"section\" data-colibri-id=\"14895-c2\" id=\"content\" class=\"h-section h-section-global-spacing d-flex align-items-lg-center align-items-md-center align-items-center style-1859 style-local-14895-c2 position-relative\">\n    <!---->\n    <!---->\n    <div class=\"h-section-grid-container h-section-fluid-container\">\n      <!---->\n      <div data-colibri-id=\"14895-c3\" class=\"h-row-container gutters-row-lg-0 gutters-row-md-0 gutters-row-0 gutters-row-v-lg-0 gutters-row-v-md-0 gutters-row-v-0 style-1860 style-local-14895-c3 position-relative\">\n        <!---->\n        <div class=\"h-row justify-content-lg-center justify-content-md-center justify-content-center align-items-lg-stretch align-items-md-stretch align-items-stretch gutters-col-lg-0 gutters-col-md-0 gutters-col-0 gutters-col-v-lg-0 gutters-col-v-md-0 gutters-col-v-0\">\n          <!---->\n          <div class=\"h-column h-column-container d-flex h-col-lg-auto h-col-md-auto h-col-auto style-1861-outer style-local-14895-c4-outer\">\n            <div data-colibri-id=\"14895-c4\" class=\"d-flex h-flex-basis h-column__inner h-px-lg-2 h-px-md-2 h-px-2 v-inner-lg-2 v-inner-md-2 v-inner-2 style-1861 style-local-14895-c4 position-relative\">\n              <!---->\n              <!---->\n              <div class=\"w-100 h-y-container h-column__content h-column__v-align flex-basis-100 align-self-lg-end align-self-md-end align-self-end\">\n                <!---->\n                <div data-colibri-id=\"14895-c5\" class=\"h-global-transition-all h-heading style-1862 style-local-14895-c5 position-relative h-element\">\n                  <!---->\n                  <div class=\"h-heading__outer style-1862 style-local-14895-c5\">\n                    <!---->\n                    <!---->\n                    <h2 class=\"\">H\u00f8jdepunkter i Tisvilde H\u00f8jskoles Historie<\/h2>\n                  <\/div>\n                <\/div>\n                <div data-colibri-id=\"14895-c7\" class=\"h-text h-text-component style-1864 style-local-14895-c7 position-relative h-element\">\n                  <!---->\n                  <!---->\n                  <div class=\"\">\n                    <p>Tisvilde H\u00f8jskole har r\u00f8dder i det tidligere sommerpensionat&nbsp;Pension Julsgaard, som blev \u00e5bnet i&nbsp;1915&nbsp;af enkefru&nbsp;Emilie Jensen&nbsp;p\u00e5 hj\u00f8rnet af Hovedgaden og Jeppe Andersensvej. Pensionatet blev senere drevet\n                      af hendes s\u00f8n&nbsp;Mogens Jensen, og i&nbsp;1967&nbsp;blev stedet solgt til&nbsp;\u00c6ldreklubbernes Samvirke.<\/p>\n                    <p>Samme \u00e5r tog den socialdemokratiske folketingsmand&nbsp;Kristian Albertsen&nbsp;initiativ til at omdanne pensionatet til&nbsp;verdens f\u00f8rste h\u00f8jskole for pensionister. Skolen blev indviet den&nbsp;9. september 1967&nbsp;som&nbsp;Kaj\n                      Bundvad-Skolen, med statsminister&nbsp;Jens Otto Krag&nbsp;som taler ved \u00e5bningen.<\/p>\n                    <p>I de f\u00f8lgende \u00e5r voksede skolen hurtigt. Der blev blandt andet k\u00f8bt anneksbygningen&nbsp;Bella Vista&nbsp;i&nbsp;1969, og i&nbsp;1973&nbsp;blev en villa bag skolen indrettet til flere v\u00e6relser. Midler fra fonde og private gjorde det\n                      senere muligt at udbygge h\u00f8jskolen yderligere, og i&nbsp;1976&nbsp;blev en ny fl\u00f8j indviet med statsminister&nbsp;Anker J\u00f8rgensen&nbsp;som taler.<\/p>\n                    <p>I&nbsp;1982&nbsp;blev h\u00f8jskolen&nbsp;selvejende, hvilket gav st\u00f8rre frihed til selv at forme undervisning og kursusudbud. I de senere \u00e5r har h\u00f8jskolen is\u00e6r v\u00e6ret kendt for et rigt kulturliv med sang, musik og kurser i mange genrer.<\/p>\n                    <p>Tisvilde H\u00f8jskoles historie er levende beskrevet i Louise Rosenkvist Hirabros imponerende bogv\u00e6rk&nbsp;<em>TISVILDE \u2013 Kultur og sommerliv gennem tiden<\/em>, der udkom i 2025.<\/p>\n                    <p>Du kan l\u00e6se kapitlet om Tisvilde H\u00f8jskole her:<\/p>\n                  <\/div>\n                <\/div>\n                <div data-colibri-id=\"14895-c8\" class=\"h-x-container style-1880 style-local-14895-c8 position-relative h-element\">\n                  <!---->\n                  <div class=\"h-x-container-inner style-dynamic-14895-c8-group style-1880-spacing style-local-14895-c8-spacing\"><span class=\"h-button__outer style-1881-outer style-local-14895-c9-outer d-inline-flex h-element\"><a h-use-smooth-scroll=\"true\" href=\"https:\/\/tisvildehoejskole.dk\/wp-content\/uploads\/2026\/02\/Kapitel-om-Tisvilde-Hoejskole.pdf\" target=\"_blank\"  data-colibri-id=\"14895-c9\" class=\"d-flex w-100 align-items-center h-button justify-content-lg-center justify-content-md-center justify-content-center style-1881 style-local-14895-c9 position-relative\"><!----><!----> <span>L\u00e6s uddrag fra bogen<\/span><\/a>\n                    <\/span>\n                  <\/div>\n                <\/div>\n                <div data-colibri-id=\"14895-c10\" class=\"h-text h-text-component style-1864 style-local-14895-c10 position-relative h-element\">\n                  <!---->\n                  <!---->\n                  <div class=\"\">\n                    <p><strong>Du kan k\u00f8be bogen&nbsp;<em>TISVILDE \u2013 Kultur og sommerliv gennem tiden<\/em>&nbsp;her:<\/strong><\/p>\n                    <p>\n                      <a href=\"https:\/\/tisvilde.dk\/kontakt\/tisvilde-bog.html\" style=\"color: rgb(70, 120, 134);\" class=\"customize-unpreviewable\">https:\/\/tisvilde.dk\/kontakt\/tisvilde-bog.html<\/a>\n                    <\/p>\n                  <\/div>\n                <\/div>\n              <\/div>\n            <\/div>\n          <\/div>\n          <div class=\"h-column h-column-container d-flex h-col-lg-auto h-col-md-auto h-col-auto style-1865-outer style-local-14895-c11-outer\">\n            <div data-colibri-id=\"14895-c11\" class=\"d-flex h-flex-basis h-column__inner h-px-lg-2 h-px-md-2 h-px-2 v-inner-lg-2 v-inner-md-2 v-inner-2 style-1865 style-local-14895-c11 position-relative\">\n              <!---->\n              <!---->\n              <div class=\"w-100 h-y-container h-column__content h-column__v-align flex-basis-100 align-self-lg-center align-self-md-center align-self-center\">\n                <!---->\n                <div data-colibri-id=\"14895-c12\" class=\"d-block style-1866 style-local-14895-c12 position-relative h-element\">\n                  <!---->\n                  <div class=\"h-image__frame-container-outer\">\n                    <div class=\"h-image__frame-container\">\n                      <!---->\n                      <!---->\n                      <img loading=\"lazy\" decoding=\"async\" width=\"1281\" height=\"756\" src=\"https:\/\/tisvildehoejskole.dk\/wp-content\/uploads\/2026\/02\/Julsgaard.png\" class=\"wp-image-14899 style-1866-image style-local-14895-c12-image\" alt=\"\" srcset=\"https:\/\/tisvildehoejskole.dk\/wp-content\/uploads\/2026\/02\/Julsgaard.png 1281w, https:\/\/tisvildehoejskole.dk\/wp-content\/uploads\/2026\/02\/Julsgaard-300x177.png 300w, https:\/\/tisvildehoejskole.dk\/wp-content\/uploads\/2026\/02\/Julsgaard-1024x604.png 1024w, https:\/\/tisvildehoejskole.dk\/wp-content\/uploads\/2026\/02\/Julsgaard-768x453.png 768w, https:\/\/tisvildehoejskole.dk\/wp-content\/uploads\/2026\/02\/Julsgaard-18x12.png 18w\" sizes=\"auto, (max-width: 1281px) 100vw, 1281px\" \/>\n                      <div class=\"h-image__frame h-hide-lg h-hide-md h-hide-sm style-1866-frameImage style-local-14895-c12-frameImage\"><\/div>\n                    <\/div>\n                  <\/div>\n                <\/div>\n                <div data-colibri-id=\"14895-c13\" class=\"d-block style-1866 style-local-14895-c13 position-relative h-element\">\n                  <!---->\n                  <div class=\"h-image__frame-container-outer\">\n                    <div class=\"h-image__frame-container\">\n                      <!---->\n                      <!---->\n                      <img loading=\"lazy\" decoding=\"async\" width=\"2222\" height=\"2560\" src=\"https:\/\/tisvildehoejskole.dk\/wp-content\/uploads\/2026\/02\/Bog-paa-maleri-beskaaret-scaled.jpg\" class=\"wp-image-14900 style-1866-image style-local-14895-c13-image\" alt=\"\" srcset=\"https:\/\/tisvildehoejskole.dk\/wp-content\/uploads\/2026\/02\/Bog-paa-maleri-beskaaret-scaled.jpg 2222w, https:\/\/tisvildehoejskole.dk\/wp-content\/uploads\/2026\/02\/Bog-paa-maleri-beskaaret-260x300.jpg 260w, https:\/\/tisvildehoejskole.dk\/wp-content\/uploads\/2026\/02\/Bog-paa-maleri-beskaaret-889x1024.jpg 889w, https:\/\/tisvildehoejskole.dk\/wp-content\/uploads\/2026\/02\/Bog-paa-maleri-beskaaret-768x885.jpg 768w, https:\/\/tisvildehoejskole.dk\/wp-content\/uploads\/2026\/02\/Bog-paa-maleri-beskaaret-1333x1536.jpg 1333w, https:\/\/tisvildehoejskole.dk\/wp-content\/uploads\/2026\/02\/Bog-paa-maleri-beskaaret-1778x2048.jpg 1778w, https:\/\/tisvildehoejskole.dk\/wp-content\/uploads\/2026\/02\/Bog-paa-maleri-beskaaret-10x12.jpg 10w\" sizes=\"auto, (max-width: 2222px) 100vw, 2222px\" \/>\n                      <div class=\"h-image__frame h-hide-lg h-hide-md h-hide-sm style-1866-frameImage style-local-14895-c13-frameImage\"><\/div>\n                    <\/div>\n                  <\/div>\n                <\/div>\n              <\/div>\n            <\/div>\n          <\/div>\n        <\/div>\n      <\/div>\n    <\/div>\n  <\/div>\n<\/div>","protected":false},"excerpt":{"rendered":"<p>H\u00f8jdepunkter i Tisvilde H\u00f8jskoles Historie Tisvilde H\u00f8jskole har r\u00f8dder i det tidligere sommerpensionat&nbsp;Pension Julsgaard, som blev \u00e5bnet i&nbsp;1915&nbsp;af enkefru&nbsp;Emilie Jensen&nbsp;p\u00e5 hj\u00f8rnet af Hovedgaden og Jeppe Andersensvej. Pensionatet blev senere drevet [&hellip;]<\/p>","protected":false},"author":2,"featured_media":0,"parent":0,"menu_order":0,"comment_status":"closed","ping_status":"closed","template":"page-templates\/full-width-page.php","meta":{"_acf_changed":false,"footnotes":""},"class_list":["post-14895","page","type-page","status-publish","hentry"],"acf":[],"yoast_head":"<!-- This site is optimized with the Yoast SEO plugin v26.5 - https:\/\/yoast.com\/wordpress\/plugins\/seo\/ -->\n<title>Historie - Tisvilde H\u00f8jskole<\/title>\n<meta name=\"robots\" content=\"index, follow, max-snippet:-1, max-image-preview:large, max-video-preview:-1\" \/>\n<link rel=\"canonical\" href=\"https:\/\/tisvildehoejskole.dk\/en\/historie\/\" \/>\n<meta property=\"og:locale\" content=\"en_US\" \/>\n<meta property=\"og:type\" content=\"article\" \/>\n<meta property=\"og:title\" content=\"Historie - Tisvilde H\u00f8jskole\" \/>\n<meta property=\"og:description\" content=\"H\u00f8jdepunkter i Tisvilde H\u00f8jskoles Historie Tisvilde H\u00f8jskole har r\u00f8dder i det tidligere sommerpensionat&nbsp;Pension Julsgaard, som blev \u00e5bnet i&nbsp;1915&nbsp;af enkefru&nbsp;Emilie Jensen&nbsp;p\u00e5 hj\u00f8rnet af Hovedgaden og Jeppe Andersensvej. Pensionatet blev senere drevet [&hellip;]\" \/>\n<meta property=\"og:url\" content=\"https:\/\/tisvildehoejskole.dk\/en\/historie\/\" \/>\n<meta property=\"og:site_name\" content=\"Tisvilde H\u00f8jskole\" \/>\n<meta property=\"article:publisher\" content=\"https:\/\/www.facebook.com\/Tisvildehoejskole\" \/>\n<meta property=\"article:modified_time\" content=\"2026-02-12T08:31:35+00:00\" \/>\n<meta property=\"og:image\" content=\"https:\/\/tisvildehoejskole.dk\/wp-content\/uploads\/2026\/02\/Julsgaard.png\" \/>\n\t<meta property=\"og:image:width\" content=\"1281\" \/>\n\t<meta property=\"og:image:height\" content=\"756\" \/>\n\t<meta property=\"og:image:type\" content=\"image\/png\" \/>\n<meta name=\"twitter:card\" content=\"summary_large_image\" \/>\n<meta name=\"twitter:label1\" content=\"Est. reading time\" \/>\n\t<meta name=\"twitter:data1\" content=\"1 minute\" \/>\n<script type=\"application\/ld+json\" class=\"yoast-schema-graph\">{\"@context\":\"https:\/\/schema.org\",\"@graph\":[{\"@type\":\"WebPage\",\"@id\":\"https:\/\/tisvildehoejskole.dk\/historie\/\",\"url\":\"https:\/\/tisvildehoejskole.dk\/historie\/\",\"name\":\"Historie - Tisvilde H\u00f8jskole\",\"isPartOf\":{\"@id\":\"https:\/\/tisvildehoejskole.dk\/#website\"},\"primaryImageOfPage\":{\"@id\":\"https:\/\/tisvildehoejskole.dk\/historie\/#primaryimage\"},\"image\":{\"@id\":\"https:\/\/tisvildehoejskole.dk\/historie\/#primaryimage\"},\"thumbnailUrl\":\"https:\/\/tisvildehoejskole.dk\/wp-content\/uploads\/2026\/02\/Julsgaard.png\",\"datePublished\":\"2026-02-11T15:31:38+00:00\",\"dateModified\":\"2026-02-12T08:31:35+00:00\",\"breadcrumb\":{\"@id\":\"https:\/\/tisvildehoejskole.dk\/historie\/#breadcrumb\"},\"inLanguage\":\"en-US\",\"potentialAction\":[{\"@type\":\"ReadAction\",\"target\":[\"https:\/\/tisvildehoejskole.dk\/historie\/\"]}]},{\"@type\":\"ImageObject\",\"inLanguage\":\"en-US\",\"@id\":\"https:\/\/tisvildehoejskole.dk\/historie\/#primaryimage\",\"url\":\"https:\/\/tisvildehoejskole.dk\/wp-content\/uploads\/2026\/02\/Julsgaard.png\",\"contentUrl\":\"https:\/\/tisvildehoejskole.dk\/wp-content\/uploads\/2026\/02\/Julsgaard.png\"},{\"@type\":\"BreadcrumbList\",\"@id\":\"https:\/\/tisvildehoejskole.dk\/historie\/#breadcrumb\",\"itemListElement\":[{\"@type\":\"ListItem\",\"position\":1,\"name\":\"Hjem\",\"item\":\"https:\/\/tisvildehoejskole.dk\/\"},{\"@type\":\"ListItem\",\"position\":2,\"name\":\"Historie\"}]},{\"@type\":\"WebSite\",\"@id\":\"https:\/\/tisvildehoejskole.dk\/#website\",\"url\":\"https:\/\/tisvildehoejskole.dk\/\",\"name\":\"Tisvilde H\u00f8jskole\",\"description\":\"kultur, ferie &amp; kursushotel\",\"publisher\":{\"@id\":\"https:\/\/tisvildehoejskole.dk\/#organization\"},\"potentialAction\":[{\"@type\":\"SearchAction\",\"target\":{\"@type\":\"EntryPoint\",\"urlTemplate\":\"https:\/\/tisvildehoejskole.dk\/?s={search_term_string}\"},\"query-input\":{\"@type\":\"PropertyValueSpecification\",\"valueRequired\":true,\"valueName\":\"search_term_string\"}}],\"inLanguage\":\"en-US\"},{\"@type\":\"Organization\",\"@id\":\"https:\/\/tisvildehoejskole.dk\/#organization\",\"name\":\"Tisvilde H\u00f8jskole\",\"url\":\"https:\/\/tisvildehoejskole.dk\/\",\"logo\":{\"@type\":\"ImageObject\",\"inLanguage\":\"en-US\",\"@id\":\"https:\/\/tisvildehoejskole.dk\/#\/schema\/logo\/image\/\",\"url\":\"https:\/\/tisvildehoejskole.dk\/wp-content\/uploads\/2021\/07\/Tisvilde-Hojskole-Logo-Bla.png\",\"contentUrl\":\"https:\/\/tisvildehoejskole.dk\/wp-content\/uploads\/2021\/07\/Tisvilde-Hojskole-Logo-Bla.png\",\"width\":4633,\"height\":1061,\"caption\":\"Tisvilde H\u00f8jskole\"},\"image\":{\"@id\":\"https:\/\/tisvildehoejskole.dk\/#\/schema\/logo\/image\/\"},\"sameAs\":[\"https:\/\/www.facebook.com\/Tisvildehoejskole\"]}]}<\/script>\n<!-- \/ Yoast SEO plugin. -->","yoast_head_json":{"title":"Historie - Tisvilde H\u00f8jskole","robots":{"index":"index","follow":"follow","max-snippet":"max-snippet:-1","max-image-preview":"max-image-preview:large","max-video-preview":"max-video-preview:-1"},"canonical":"https:\/\/tisvildehoejskole.dk\/en\/historie\/","og_locale":"en_US","og_type":"article","og_title":"Historie - Tisvilde H\u00f8jskole","og_description":"H\u00f8jdepunkter i Tisvilde H\u00f8jskoles Historie Tisvilde H\u00f8jskole har r\u00f8dder i det tidligere sommerpensionat&nbsp;Pension Julsgaard, som blev \u00e5bnet i&nbsp;1915&nbsp;af enkefru&nbsp;Emilie Jensen&nbsp;p\u00e5 hj\u00f8rnet af Hovedgaden og Jeppe Andersensvej. Pensionatet blev senere drevet [&hellip;]","og_url":"https:\/\/tisvildehoejskole.dk\/en\/historie\/","og_site_name":"Tisvilde H\u00f8jskole","article_publisher":"https:\/\/www.facebook.com\/Tisvildehoejskole","article_modified_time":"2026-02-12T08:31:35+00:00","og_image":[{"width":1281,"height":756,"url":"https:\/\/tisvildehoejskole.dk\/wp-content\/uploads\/2026\/02\/Julsgaard.png","type":"image\/png"}],"twitter_card":"summary_large_image","twitter_misc":{"Est. reading time":"1 minute"},"schema":{"@context":"https:\/\/schema.org","@graph":[{"@type":"WebPage","@id":"https:\/\/tisvildehoejskole.dk\/historie\/","url":"https:\/\/tisvildehoejskole.dk\/historie\/","name":"Historie - Tisvilde H\u00f8jskole","isPartOf":{"@id":"https:\/\/tisvildehoejskole.dk\/#website"},"primaryImageOfPage":{"@id":"https:\/\/tisvildehoejskole.dk\/historie\/#primaryimage"},"image":{"@id":"https:\/\/tisvildehoejskole.dk\/historie\/#primaryimage"},"thumbnailUrl":"https:\/\/tisvildehoejskole.dk\/wp-content\/uploads\/2026\/02\/Julsgaard.png","datePublished":"2026-02-11T15:31:38+00:00","dateModified":"2026-02-12T08:31:35+00:00","breadcrumb":{"@id":"https:\/\/tisvildehoejskole.dk\/historie\/#breadcrumb"},"inLanguage":"en-US","potentialAction":[{"@type":"ReadAction","target":["https:\/\/tisvildehoejskole.dk\/historie\/"]}]},{"@type":"ImageObject","inLanguage":"en-US","@id":"https:\/\/tisvildehoejskole.dk\/historie\/#primaryimage","url":"https:\/\/tisvildehoejskole.dk\/wp-content\/uploads\/2026\/02\/Julsgaard.png","contentUrl":"https:\/\/tisvildehoejskole.dk\/wp-content\/uploads\/2026\/02\/Julsgaard.png"},{"@type":"BreadcrumbList","@id":"https:\/\/tisvildehoejskole.dk\/historie\/#breadcrumb","itemListElement":[{"@type":"ListItem","position":1,"name":"Hjem","item":"https:\/\/tisvildehoejskole.dk\/"},{"@type":"ListItem","position":2,"name":"Historie"}]},{"@type":"WebSite","@id":"https:\/\/tisvildehoejskole.dk\/#website","url":"https:\/\/tisvildehoejskole.dk\/","name":"Tisvilde H\u00f8jskole","description":"kultur, ferie &amp; kursushotel","publisher":{"@id":"https:\/\/tisvildehoejskole.dk\/#organization"},"potentialAction":[{"@type":"SearchAction","target":{"@type":"EntryPoint","urlTemplate":"https:\/\/tisvildehoejskole.dk\/?s={search_term_string}"},"query-input":{"@type":"PropertyValueSpecification","valueRequired":true,"valueName":"search_term_string"}}],"inLanguage":"en-US"},{"@type":"Organization","@id":"https:\/\/tisvildehoejskole.dk\/#organization","name":"Tisvilde H\u00f8jskole","url":"https:\/\/tisvildehoejskole.dk\/","logo":{"@type":"ImageObject","inLanguage":"en-US","@id":"https:\/\/tisvildehoejskole.dk\/#\/schema\/logo\/image\/","url":"https:\/\/tisvildehoejskole.dk\/wp-content\/uploads\/2021\/07\/Tisvilde-Hojskole-Logo-Bla.png","contentUrl":"https:\/\/tisvildehoejskole.dk\/wp-content\/uploads\/2021\/07\/Tisvilde-Hojskole-Logo-Bla.png","width":4633,"height":1061,"caption":"Tisvilde H\u00f8jskole"},"image":{"@id":"https:\/\/tisvildehoejskole.dk\/#\/schema\/logo\/image\/"},"sameAs":["https:\/\/www.facebook.com\/Tisvildehoejskole"]}]}},"_links":{"self":[{"href":"https:\/\/tisvildehoejskole.dk\/en\/wp-json\/wp\/v2\/pages\/14895","targetHints":{"allow":["GET"]}}],"collection":[{"href":"https:\/\/tisvildehoejskole.dk\/en\/wp-json\/wp\/v2\/pages"}],"about":[{"href":"https:\/\/tisvildehoejskole.dk\/en\/wp-json\/wp\/v2\/types\/page"}],"author":[{"embeddable":true,"href":"https:\/\/tisvildehoejskole.dk\/en\/wp-json\/wp\/v2\/users\/2"}],"replies":[{"embeddable":true,"href":"https:\/\/tisvildehoejskole.dk\/en\/wp-json\/wp\/v2\/comments?post=14895"}],"version-history":[{"count":3,"href":"https:\/\/tisvildehoejskole.dk\/en\/wp-json\/wp\/v2\/pages\/14895\/revisions"}],"predecessor-version":[{"id":14913,"href":"https:\/\/tisvildehoejskole.dk\/en\/wp-json\/wp\/v2\/pages\/14895\/revisions\/14913"}],"wp:attachment":[{"href":"https:\/\/tisvildehoejskole.dk\/en\/wp-json\/wp\/v2\/media?parent=14895"}],"curies":[{"name":"wp","href":"https:\/\/api.w.org\/{rel}","templated":true}]}}