{"id":3166,"date":"2021-06-29T13:21:09","date_gmt":"2021-06-29T13:21:09","guid":{"rendered":"https:\/\/tisvildehojskole.ducklasweb.dk\/?page_id=3166"},"modified":"2025-10-17T10:12:39","modified_gmt":"2025-10-17T08:12:39","slug":"om-hojskolen","status":"publish","type":"page","link":"https:\/\/tisvildehoejskole.dk\/en\/om-hojskolen\/","title":{"rendered":"Om H\u00f8jskolen"},"content":{"rendered":"<div data-colibri-id=\"3166-c1\" class=\"style-1739 style-local-3166-c1 position-relative\">\n  <!---->\n  <div data-colibri-component=\"section\" data-colibri-id=\"3166-c2\" id=\"initial-content\" class=\"h-section h-section-global-spacing d-flex align-items-lg-center align-items-md-center align-items-center style-1740 style-local-3166-c2 position-relative\">\n    <!---->\n    <!---->\n    <div class=\"h-section-grid-container h-section-boxed-container\">\n      <!---->\n      <div data-colibri-id=\"3166-c3\" class=\"h-row-container gutters-row-lg-2 gutters-row-md-2 gutters-row-0 gutters-row-v-lg-2 gutters-row-v-md-2 gutters-row-v-2 style-1741 style-local-3166-c3 position-relative\">\n        <!---->\n        <div class=\"h-row justify-content-lg-center justify-content-md-center justify-content-center align-items-lg-stretch align-items-md-stretch align-items-stretch gutters-col-lg-2 gutters-col-md-2 gutters-col-0 gutters-col-v-lg-2 gutters-col-v-md-2 gutters-col-v-2\">\n          <!---->\n          <div class=\"h-column h-column-container d-flex h-col-lg-auto h-col-md-auto h-col-auto style-1742-outer style-local-3166-c4-outer\">\n            <div data-colibri-id=\"3166-c4\" class=\"d-flex h-flex-basis h-column__inner h-px-lg-2 h-px-md-2 h-px-2 v-inner-lg-2 v-inner-md-2 v-inner-2 style-1742 style-local-3166-c4 position-relative\">\n              <!---->\n              <!---->\n              <div class=\"w-100 h-y-container h-column__content h-column__v-align flex-basis-100 align-self-lg-start align-self-md-start align-self-start\">\n                <!---->\n                <div data-colibri-id=\"3166-c5\" class=\"h-text h-text-component style-1744 style-local-3166-c5 position-relative h-element\">\n                  <!---->\n                  <!---->\n                  <div class=\"\">\n                    <p>Tisvilde H\u00f8jskole ligger i sm\u00f8rhullet af den gamle fiskerby, Tisvildeleje, lige over for stationen, med skov i baghaven og Kattegat for enden af vejen.<\/p>\n                    <p>Vi er vilde med musik \u2013 jazz, blues, rock, klassisk, pop, opera, viser \u2013 og tilbyder kurser og arrangementer i mange musikalske genrer. Vi synger fra h\u00f8jskolesangbogen. Vi synger i kor. Vi har naturen h\u00f8jt prioriteret i kursuskataloget,\n                      vi har en r\u00e6kke kreative h\u00e5ndarbejdsfag p\u00e5 programmet; strik, broderi, h\u00e6kling, garnfarvning m.fl. Vi har kurser med dans, krop og bev\u00e6gelse, vi har bridge og en lang r\u00e6kke kulturfag med sprog og litteratur og kunst p\u00e5 paletten.\n                      Alt, der g\u00f8r os klogere p\u00e5 livet og den verden, vi er en del af.<\/p>\n                    <p>Vi er en selvejende institution, helt uden statslig finansiering, hvilket adskiller os fra de \u00f8vrige danske folkeh\u00f8jskoler. Vi har frie rammer til et varieret og alsidigt kursusprogram, der skaber mulighed for socialt samv\u00e6r og f\u00e6llesskab.<\/p>\n                    <p>Vi opererer efter g\u00e6ngse markedskonditioner og udbyder events og korte kurser i forskellige prisslag, alt efter m\u00e5lgruppen, og i henhold til almindelig udbud\/eftersp\u00f8rgsel. Og dertil udlejer vi ogs\u00e5 h\u00f8jskolen som hotel for andre organisationers\n                      konferencer\/seminarer og arrangementer.\n                      <br>P\u00e5 \u00e5rsbasis tilbydes omkring 50 reelle h\u00f8jskolekurser af kort varighed \u2013 typisk 5 dage \u2013 best\u00e5ende af hver 30- 40 deltagere.<\/p>\n                    <p>Vores h\u00f8jskolekurser om sommeren er selvf\u00f8lgelig farvet af s\u00e6sonen, s\u00e5dan m\u00e5 det v\u00e6re n\u00e5r man ovenik\u00f8bet er en gammel sommerpension lokaliseret p\u00e5 Nordsj\u00e6llands smukkeste solkyst. Vi har en sk\u00f8n og succesfuld tradition med ferier for\n                      bedstefor\u00e6ldre og b\u00f8rneb\u00f8rn \u2013 magiske uger med cirkus og tryllerier, men ogs\u00e5 indholdsrige ferieuger, der p\u00e5 alle m\u00e5der g\u00f8r flittigt brug af omr\u00e5dets storladne natur; havet, skoven og udflugter til nordkystens mange sev\u00e6rdigheder.\n                      Ikke mindst i Tisvilde Hegn, der omgiver skolen.<\/p>\n                    <p>Landskabet er malerisk og fantastisk mental genopladning og indbyder til g\u00e5\/l\u00f8be\/cykelture. L\u00e5n en h\u00f8jskolecykel og k\u00f8r ud i det bl\u00e5 og gr\u00f8nne.<\/p>\n                  <\/div>\n                <\/div>\n              <\/div>\n            <\/div>\n          <\/div>\n          <div class=\"h-column h-column-container d-flex h-col-lg-auto h-col-md-auto h-col-auto style-1745-outer style-local-3166-c6-outer\">\n            <div data-colibri-id=\"3166-c6\" class=\"d-flex h-flex-basis h-column__inner h-ui-empty-state-container h-px-lg-2 h-px-md-2 h-px-2 v-inner-lg-2 v-inner-md-2 v-inner-2 style-1745 style-local-3166-c6 position-relative\">\n              <!---->\n              <!---->\n              <div class=\"w-100 h-y-container h-column__content h-column__v-align flex-basis-100\">\n                <!---->\n              <\/div>\n            <\/div>\n          <\/div>\n        <\/div>\n      <\/div>\n    <\/div>\n  <\/div>\n  <div data-colibri-component=\"section\" data-colibri-id=\"3166-c7\" id=\"initial-content\" class=\"h-section h-section-global-spacing d-flex align-items-lg-center align-items-md-center align-items-center style-1747 style-local-3166-c7 position-relative\">\n    <!---->\n    <!---->\n    <div class=\"h-section-grid-container h-section-boxed-container\">\n      <!---->\n      <div data-colibri-id=\"3166-c8\" class=\"h-row-container gutters-row-lg-2 gutters-row-md-2 gutters-row-0 gutters-row-v-lg-2 gutters-row-v-md-2 gutters-row-v-2 style-1741 style-local-3166-c8 position-relative\">\n        <!---->\n        <div class=\"h-row justify-content-lg-center justify-content-md-center justify-content-center align-items-lg-stretch align-items-md-stretch align-items-stretch gutters-col-lg-2 gutters-col-md-2 gutters-col-0 gutters-col-v-lg-2 gutters-col-v-md-2 gutters-col-v-2\">\n          <!---->\n          <div class=\"h-column h-column-container d-flex h-col-lg-auto h-col-md-auto h-col-auto style-1746-outer style-local-3166-c9-outer\">\n            <div data-colibri-id=\"3166-c9\" class=\"d-flex h-flex-basis h-column__inner h-ui-empty-state-container h-px-lg-2 h-px-md-2 h-px-2 v-inner-lg-2 v-inner-md-2 v-inner-2 style-1746 style-local-3166-c9 position-relative\">\n              <!---->\n              <!---->\n              <div class=\"w-100 h-y-container h-column__content h-column__v-align flex-basis-100\">\n                <!---->\n              <\/div>\n            <\/div>\n          <\/div>\n          <div class=\"h-column h-column-container d-flex h-col-lg-auto h-col-md-auto h-col-auto style-1742-outer style-local-3166-c10-outer\">\n            <div data-colibri-id=\"3166-c10\" class=\"d-flex h-flex-basis h-column__inner h-px-lg-2 h-px-md-2 h-px-2 v-inner-lg-2 v-inner-md-2 v-inner-2 style-1742 style-local-3166-c10 position-relative\">\n              <!---->\n              <!---->\n              <div class=\"w-100 h-y-container h-column__content h-column__v-align flex-basis-100 align-self-lg-start align-self-md-start align-self-start\">\n                <!---->\n                <div data-colibri-id=\"3166-c11\" class=\"h-text h-text-component style-1744 style-local-3166-c11 position-relative h-element\">\n                  <!---->\n                  <!---->\n                  <div class=\"\">\n                    <p>Tisvilde H\u00f8jskole, der ogs\u00e5 er verdens \u00e6ldste seniorh\u00f8jskole, har til huse i en fin, gammel bygning \u2013 oprindeligt Badepension Julsg\u00e5rd fra 1912 \u2013 med en dejlig, lys spisesal, en hyggelig dagligstue med flygel, bibliotek og to foredragssale.\n                      Der er enkelt- og dobbeltv\u00e6relser med h\u00e5ndvaske, alle v\u00e6relser i n\u00e6rhed til de mange toiletter\/badefaciliteter p\u00e5 gangene.<\/p>\n                    <p>Der er ikke to v\u00e6relser, der er ens, og en hel del er navngivet efter alverdens lande med ditto karakteristika. Her er meget charmerende, stemningsfyldt og hyggeligt.<\/p>\n                    <p>H\u00f8jskolen har en lun og rar atmosf\u00e6re, s\u00f8de og hj\u00e6lpsomme medarbejdere, h\u00f8jskolesang alle morgener og et gr\u00f8nt og varieret k\u00f8kken, der fremtryller de l\u00e6kreste, \u00e5rstidsbestemte retter og g\u00e5r ind for \u00f8kologi, gode r\u00e5varer og eget hjemmebag.<\/p>\n                    <p>\n                      <br>\n                    <\/p>\n                  <\/div>\n                <\/div>\n              <\/div>\n            <\/div>\n          <\/div>\n        <\/div>\n      <\/div>\n    <\/div>\n  <\/div>\n<\/div>","protected":false},"excerpt":{"rendered":"<p>Tisvilde H\u00f8jskole ligger i sm\u00f8rhullet af den gamle fiskerby, Tisvildeleje, lige over for stationen, med skov i baghaven og Kattegat for enden af vejen. Vi er vilde med musik \u2013 [&hellip;]<\/p>","protected":false},"author":8,"featured_media":0,"parent":0,"menu_order":0,"comment_status":"closed","ping_status":"closed","template":"page-templates\/full-width-page.php","meta":{"_acf_changed":false,"footnotes":""},"class_list":["post-3166","page","type-page","status-publish","hentry"],"acf":[],"yoast_head":"<!-- This site is optimized with the Yoast SEO plugin v26.5 - https:\/\/yoast.com\/wordpress\/plugins\/seo\/ -->\n<title>Om H\u00f8jskolen - Tisvilde H\u00f8jskole<\/title>\n<meta name=\"robots\" content=\"index, follow, max-snippet:-1, max-image-preview:large, max-video-preview:-1\" \/>\n<link rel=\"canonical\" href=\"https:\/\/tisvildehoejskole.dk\/en\/om-hojskolen\/\" \/>\n<meta property=\"og:locale\" content=\"en_US\" \/>\n<meta property=\"og:type\" content=\"article\" \/>\n<meta property=\"og:title\" content=\"Om H\u00f8jskolen - Tisvilde H\u00f8jskole\" \/>\n<meta property=\"og:description\" content=\"Tisvilde H\u00f8jskole ligger i sm\u00f8rhullet af den gamle fiskerby, Tisvildeleje, lige over for stationen, med skov i baghaven og Kattegat for enden af vejen. Vi er vilde med musik \u2013 [&hellip;]\" \/>\n<meta property=\"og:url\" content=\"https:\/\/tisvildehoejskole.dk\/en\/om-hojskolen\/\" \/>\n<meta property=\"og:site_name\" content=\"Tisvilde H\u00f8jskole\" \/>\n<meta property=\"article:publisher\" content=\"https:\/\/www.facebook.com\/Tisvildehoejskole\" \/>\n<meta property=\"article:modified_time\" content=\"2025-10-17T08:12:39+00:00\" \/>\n<meta name=\"twitter:card\" content=\"summary_large_image\" \/>\n<meta name=\"twitter:label1\" content=\"Est. reading time\" \/>\n\t<meta name=\"twitter:data1\" content=\"4 minutes\" \/>\n<script type=\"application\/ld+json\" class=\"yoast-schema-graph\">{\"@context\":\"https:\/\/schema.org\",\"@graph\":[{\"@type\":\"WebPage\",\"@id\":\"https:\/\/tisvildehoejskole.dk\/om-hojskolen\/\",\"url\":\"https:\/\/tisvildehoejskole.dk\/om-hojskolen\/\",\"name\":\"Om H\u00f8jskolen - Tisvilde H\u00f8jskole\",\"isPartOf\":{\"@id\":\"https:\/\/tisvildehoejskole.dk\/#website\"},\"datePublished\":\"2021-06-29T13:21:09+00:00\",\"dateModified\":\"2025-10-17T08:12:39+00:00\",\"breadcrumb\":{\"@id\":\"https:\/\/tisvildehoejskole.dk\/om-hojskolen\/#breadcrumb\"},\"inLanguage\":\"en-US\",\"potentialAction\":[{\"@type\":\"ReadAction\",\"target\":[\"https:\/\/tisvildehoejskole.dk\/om-hojskolen\/\"]}]},{\"@type\":\"BreadcrumbList\",\"@id\":\"https:\/\/tisvildehoejskole.dk\/om-hojskolen\/#breadcrumb\",\"itemListElement\":[{\"@type\":\"ListItem\",\"position\":1,\"name\":\"Hjem\",\"item\":\"https:\/\/tisvildehoejskole.dk\/\"},{\"@type\":\"ListItem\",\"position\":2,\"name\":\"Om H\u00f8jskolen\"}]},{\"@type\":\"WebSite\",\"@id\":\"https:\/\/tisvildehoejskole.dk\/#website\",\"url\":\"https:\/\/tisvildehoejskole.dk\/\",\"name\":\"Tisvilde H\u00f8jskole\",\"description\":\"kultur, ferie &amp; kursushotel\",\"publisher\":{\"@id\":\"https:\/\/tisvildehoejskole.dk\/#organization\"},\"potentialAction\":[{\"@type\":\"SearchAction\",\"target\":{\"@type\":\"EntryPoint\",\"urlTemplate\":\"https:\/\/tisvildehoejskole.dk\/?s={search_term_string}\"},\"query-input\":{\"@type\":\"PropertyValueSpecification\",\"valueRequired\":true,\"valueName\":\"search_term_string\"}}],\"inLanguage\":\"en-US\"},{\"@type\":\"Organization\",\"@id\":\"https:\/\/tisvildehoejskole.dk\/#organization\",\"name\":\"Tisvilde H\u00f8jskole\",\"url\":\"https:\/\/tisvildehoejskole.dk\/\",\"logo\":{\"@type\":\"ImageObject\",\"inLanguage\":\"en-US\",\"@id\":\"https:\/\/tisvildehoejskole.dk\/#\/schema\/logo\/image\/\",\"url\":\"https:\/\/tisvildehoejskole.dk\/wp-content\/uploads\/2021\/07\/Tisvilde-Hojskole-Logo-Bla.png\",\"contentUrl\":\"https:\/\/tisvildehoejskole.dk\/wp-content\/uploads\/2021\/07\/Tisvilde-Hojskole-Logo-Bla.png\",\"width\":4633,\"height\":1061,\"caption\":\"Tisvilde H\u00f8jskole\"},\"image\":{\"@id\":\"https:\/\/tisvildehoejskole.dk\/#\/schema\/logo\/image\/\"},\"sameAs\":[\"https:\/\/www.facebook.com\/Tisvildehoejskole\"]}]}<\/script>\n<!-- \/ Yoast SEO plugin. -->","yoast_head_json":{"title":"Om H\u00f8jskolen - Tisvilde H\u00f8jskole","robots":{"index":"index","follow":"follow","max-snippet":"max-snippet:-1","max-image-preview":"max-image-preview:large","max-video-preview":"max-video-preview:-1"},"canonical":"https:\/\/tisvildehoejskole.dk\/en\/om-hojskolen\/","og_locale":"en_US","og_type":"article","og_title":"Om H\u00f8jskolen - Tisvilde H\u00f8jskole","og_description":"Tisvilde H\u00f8jskole ligger i sm\u00f8rhullet af den gamle fiskerby, Tisvildeleje, lige over for stationen, med skov i baghaven og Kattegat for enden af vejen. Vi er vilde med musik \u2013 [&hellip;]","og_url":"https:\/\/tisvildehoejskole.dk\/en\/om-hojskolen\/","og_site_name":"Tisvilde H\u00f8jskole","article_publisher":"https:\/\/www.facebook.com\/Tisvildehoejskole","article_modified_time":"2025-10-17T08:12:39+00:00","twitter_card":"summary_large_image","twitter_misc":{"Est. reading time":"4 minutes"},"schema":{"@context":"https:\/\/schema.org","@graph":[{"@type":"WebPage","@id":"https:\/\/tisvildehoejskole.dk\/om-hojskolen\/","url":"https:\/\/tisvildehoejskole.dk\/om-hojskolen\/","name":"Om H\u00f8jskolen - Tisvilde H\u00f8jskole","isPartOf":{"@id":"https:\/\/tisvildehoejskole.dk\/#website"},"datePublished":"2021-06-29T13:21:09+00:00","dateModified":"2025-10-17T08:12:39+00:00","breadcrumb":{"@id":"https:\/\/tisvildehoejskole.dk\/om-hojskolen\/#breadcrumb"},"inLanguage":"en-US","potentialAction":[{"@type":"ReadAction","target":["https:\/\/tisvildehoejskole.dk\/om-hojskolen\/"]}]},{"@type":"BreadcrumbList","@id":"https:\/\/tisvildehoejskole.dk\/om-hojskolen\/#breadcrumb","itemListElement":[{"@type":"ListItem","position":1,"name":"Hjem","item":"https:\/\/tisvildehoejskole.dk\/"},{"@type":"ListItem","position":2,"name":"Om H\u00f8jskolen"}]},{"@type":"WebSite","@id":"https:\/\/tisvildehoejskole.dk\/#website","url":"https:\/\/tisvildehoejskole.dk\/","name":"Tisvilde H\u00f8jskole","description":"kultur, ferie &amp; kursushotel","publisher":{"@id":"https:\/\/tisvildehoejskole.dk\/#organization"},"potentialAction":[{"@type":"SearchAction","target":{"@type":"EntryPoint","urlTemplate":"https:\/\/tisvildehoejskole.dk\/?s={search_term_string}"},"query-input":{"@type":"PropertyValueSpecification","valueRequired":true,"valueName":"search_term_string"}}],"inLanguage":"en-US"},{"@type":"Organization","@id":"https:\/\/tisvildehoejskole.dk\/#organization","name":"Tisvilde H\u00f8jskole","url":"https:\/\/tisvildehoejskole.dk\/","logo":{"@type":"ImageObject","inLanguage":"en-US","@id":"https:\/\/tisvildehoejskole.dk\/#\/schema\/logo\/image\/","url":"https:\/\/tisvildehoejskole.dk\/wp-content\/uploads\/2021\/07\/Tisvilde-Hojskole-Logo-Bla.png","contentUrl":"https:\/\/tisvildehoejskole.dk\/wp-content\/uploads\/2021\/07\/Tisvilde-Hojskole-Logo-Bla.png","width":4633,"height":1061,"caption":"Tisvilde H\u00f8jskole"},"image":{"@id":"https:\/\/tisvildehoejskole.dk\/#\/schema\/logo\/image\/"},"sameAs":["https:\/\/www.facebook.com\/Tisvildehoejskole"]}]}},"_links":{"self":[{"href":"https:\/\/tisvildehoejskole.dk\/en\/wp-json\/wp\/v2\/pages\/3166","targetHints":{"allow":["GET"]}}],"collection":[{"href":"https:\/\/tisvildehoejskole.dk\/en\/wp-json\/wp\/v2\/pages"}],"about":[{"href":"https:\/\/tisvildehoejskole.dk\/en\/wp-json\/wp\/v2\/types\/page"}],"author":[{"embeddable":true,"href":"https:\/\/tisvildehoejskole.dk\/en\/wp-json\/wp\/v2\/users\/8"}],"replies":[{"embeddable":true,"href":"https:\/\/tisvildehoejskole.dk\/en\/wp-json\/wp\/v2\/comments?post=3166"}],"version-history":[{"count":16,"href":"https:\/\/tisvildehoejskole.dk\/en\/wp-json\/wp\/v2\/pages\/3166\/revisions"}],"predecessor-version":[{"id":14224,"href":"https:\/\/tisvildehoejskole.dk\/en\/wp-json\/wp\/v2\/pages\/3166\/revisions\/14224"}],"wp:attachment":[{"href":"https:\/\/tisvildehoejskole.dk\/en\/wp-json\/wp\/v2\/media?parent=3166"}],"curies":[{"name":"wp","href":"https:\/\/api.w.org\/{rel}","templated":true}]}}