{"id":3168,"date":"2021-06-29T13:21:38","date_gmt":"2021-06-29T13:21:38","guid":{"rendered":"https:\/\/tisvildehojskole.ducklasweb.dk\/?page_id=3168"},"modified":"2025-10-28T10:53:36","modified_gmt":"2025-10-28T09:53:36","slug":"her-bor-vi","status":"publish","type":"page","link":"https:\/\/tisvildehoejskole.dk\/en\/her-bor-vi\/","title":{"rendered":"Her bor vi"},"content":{"rendered":"<div data-colibri-id=\"3168-c1\" class=\"style-882 style-local-3168-c1 position-relative\">\n  <!---->\n  <div data-colibri-component=\"section\" data-colibri-id=\"3168-c2\" id=\"about-2\" class=\"h-section h-section-global-spacing d-flex align-items-lg-center align-items-md-center align-items-center style-1327 style-local-3168-c2 position-relative\">\n    <!---->\n    <!---->\n    <div class=\"h-section-grid-container h-section-boxed-container\">\n      <!---->\n      <div data-colibri-id=\"3168-c3\" class=\"h-row-container gutters-row-lg-2 gutters-row-md-2 gutters-row-2 gutters-row-v-lg-2 gutters-row-v-md-2 gutters-row-v-2 style-1328 style-local-3168-c3 position-relative\">\n        <!---->\n        <div class=\"h-row justify-content-lg-center justify-content-md-center justify-content-center align-items-lg-stretch align-items-md-stretch align-items-stretch gutters-col-lg-2 gutters-col-md-2 gutters-col-2 gutters-col-v-lg-2 gutters-col-v-md-2 gutters-col-v-2\">\n          <!---->\n          <div class=\"h-column h-column-container d-flex h-col-lg-auto h-col-md-auto h-col-auto style-1329-outer style-local-3168-c4-outer\">\n            <div data-colibri-id=\"3168-c4\" class=\"d-flex h-flex-basis h-column__inner h-px-lg-2 h-px-md-2 h-px-2 v-inner-lg-2 v-inner-md-2 v-inner-2 style-1329 style-local-3168-c4 position-relative\">\n              <!---->\n              <!---->\n              <div class=\"w-100 h-y-container h-column__content h-column__v-align flex-basis-100 align-self-lg-center align-self-md-center align-self-center\">\n                <!---->\n                <div data-colibri-id=\"3168-c5\" class=\"h-global-transition-all h-heading style-1330 style-local-3168-c5 position-relative h-element\">\n                  <!---->\n                  <div class=\"h-heading__outer style-1330 style-local-3168-c5\">\n                    <!---->\n                    <!---->\n                    <h5 class=\"\">Tisvilde H\u00f8jskole<\/h5>\n                  <\/div>\n                <\/div>\n                <div data-colibri-id=\"3168-c6\" class=\"h-global-transition-all h-heading style-1331 style-local-3168-c6 position-relative h-element\">\n                  <!---->\n                  <div class=\"h-heading__outer style-1331 style-local-3168-c6\">\n                    <!---->\n                    <!---->\n                    <h2 class=\"\">I hjertet af Tisvilde!<\/h2>\n                  <\/div>\n                <\/div>\n                <div data-colibri-id=\"3168-c10\" class=\"h-text h-text-component style-1782 style-local-3168-c10 position-relative h-element\">\n                  <!---->\n                  <!---->\n                  <div class=\"\">\n                    <p><strong>Beliggenhed:<\/strong><\/p>\n                    <p>Tisvilde H\u00f8jskole\n                      <br>Julsg\u00e5rdsvej 1-5 3220 Tisvildeleje<\/p>\n                    <p><strong>Telefon:<\/strong>\n                      <br>+45 4870 7636<\/p>\n                    <p><strong>E-mail:<\/strong>\n                      <br>info@tisvildehoejskole.dk<\/p>\n                    <p><strong>Transport<\/strong>:\n                      <br>Bus: HT til Gilleleje og Helsinge Tog:<\/p>\n                    <p>Tog fra Hiller\u00f8d til d\u00f8ren.<\/p>\n                    <p>Afstande til st\u00f8rre byer:<\/p>\n                    <p>10 km til Helsinge, 14 km til Frederiksv\u00e6rk<\/p>\n                    <p>25 km til Hiller\u00f8d<\/p>\n                    <p>Gode parkeringsmuligheder<\/p>\n                  <\/div>\n                <\/div>\n              <\/div>\n            <\/div>\n          <\/div>\n          <div class=\"h-column h-column-container d-flex h-col-lg-auto h-col-md-auto h-col-auto style-1335-outer style-local-3168-c8-outer\">\n            <div data-colibri-id=\"3168-c8\" class=\"d-flex h-flex-basis h-column__inner h-px-lg-2 h-px-md-2 h-px-2 v-inner-lg-2 v-inner-md-2 v-inner-2 style-1335 style-local-3168-c8 position-relative\">\n              <!---->\n              <!---->\n              <div class=\"w-100 h-y-container h-column__content h-column__v-align flex-basis-100 align-self-lg-center align-self-md-center align-self-center\">\n                <!---->\n                <div data-colibri-id=\"3168-c9\" class=\"d-block style-1336 style-local-3168-c9 position-relative h-element\">\n                  <!---->\n                  <div class=\"h-image__frame-container-outer\">\n                    <div class=\"h-image__frame-container\">\n                      <!---->\n                      <!---->\n                      <img loading=\"lazy\" decoding=\"async\" width=\"523\" height=\"372\" src=\"https:\/\/tisvildehoejskole.dk\/wp-content\/uploads\/2021\/06\/kortgoogle2.jpeg\" class=\"wp-image-3207 style-1336-image style-local-3168-c9-image\" alt=\"\" srcset=\"https:\/\/tisvildehoejskole.dk\/wp-content\/uploads\/2021\/06\/kortgoogle2.jpeg 523w, https:\/\/tisvildehoejskole.dk\/wp-content\/uploads\/2021\/06\/kortgoogle2-300x213.jpeg 300w\" sizes=\"auto, (max-width: 523px) 100vw, 523px\" \/>\n                      <div class=\"h-image__frame h-hide-sm style-1336-frameImage style-local-3168-c9-frameImage\"><\/div>\n                    <\/div>\n                  <\/div>\n                <\/div>\n              <\/div>\n            <\/div>\n          <\/div>\n        <\/div>\n      <\/div>\n    <\/div>\n  <\/div>\n<\/div>","protected":false},"excerpt":{"rendered":"<p>Tisvilde H\u00f8jskole I hjertet af Tisvilde! Beliggenhed: Tisvilde H\u00f8jskole Julsg\u00e5rdsvej 1-5 3220 Tisvildeleje Telefon: +45 4870 7636 E-mail: info@tisvildehoejskole.dk Transport: Bus: HT til Gilleleje og Helsinge Tog: Tog fra Hiller\u00f8d [&hellip;]<\/p>","protected":false},"author":8,"featured_media":0,"parent":0,"menu_order":0,"comment_status":"closed","ping_status":"closed","template":"page-templates\/full-width-page.php","meta":{"_acf_changed":false,"footnotes":""},"class_list":["post-3168","page","type-page","status-publish","hentry"],"acf":[],"yoast_head":"<!-- This site is optimized with the Yoast SEO plugin v26.5 - https:\/\/yoast.com\/wordpress\/plugins\/seo\/ -->\n<title>Her bor vi - Tisvilde H\u00f8jskole<\/title>\n<meta name=\"robots\" content=\"index, follow, max-snippet:-1, max-image-preview:large, max-video-preview:-1\" \/>\n<link rel=\"canonical\" href=\"https:\/\/tisvildehoejskole.dk\/en\/her-bor-vi\/\" \/>\n<meta property=\"og:locale\" content=\"en_US\" \/>\n<meta property=\"og:type\" content=\"article\" \/>\n<meta property=\"og:title\" content=\"Her bor vi - Tisvilde H\u00f8jskole\" \/>\n<meta property=\"og:description\" content=\"Tisvilde H\u00f8jskole I hjertet af Tisvilde! Beliggenhed: Tisvilde H\u00f8jskole Julsg\u00e5rdsvej 1-5 3220 Tisvildeleje Telefon: +45 4870 7636 E-mail: info@tisvildehoejskole.dk Transport: Bus: HT til Gilleleje og Helsinge Tog: Tog fra Hiller\u00f8d [&hellip;]\" \/>\n<meta property=\"og:url\" content=\"https:\/\/tisvildehoejskole.dk\/en\/her-bor-vi\/\" \/>\n<meta property=\"og:site_name\" content=\"Tisvilde H\u00f8jskole\" \/>\n<meta property=\"article:publisher\" content=\"https:\/\/www.facebook.com\/Tisvildehoejskole\" \/>\n<meta property=\"article:modified_time\" content=\"2025-10-28T09:53:36+00:00\" \/>\n<meta property=\"og:image\" content=\"https:\/\/tisvildehoejskole.dk\/wp-content\/uploads\/2021\/06\/kortgoogle2.jpeg\" \/>\n\t<meta property=\"og:image:width\" content=\"523\" \/>\n\t<meta property=\"og:image:height\" content=\"372\" \/>\n\t<meta property=\"og:image:type\" content=\"image\/jpeg\" \/>\n<meta name=\"twitter:card\" content=\"summary_large_image\" \/>\n<meta name=\"twitter:label1\" content=\"Est. reading time\" \/>\n\t<meta name=\"twitter:data1\" content=\"1 minute\" \/>\n<script type=\"application\/ld+json\" class=\"yoast-schema-graph\">{\"@context\":\"https:\/\/schema.org\",\"@graph\":[{\"@type\":\"WebPage\",\"@id\":\"https:\/\/tisvildehoejskole.dk\/her-bor-vi\/\",\"url\":\"https:\/\/tisvildehoejskole.dk\/her-bor-vi\/\",\"name\":\"Her bor vi - Tisvilde H\u00f8jskole\",\"isPartOf\":{\"@id\":\"https:\/\/tisvildehoejskole.dk\/#website\"},\"primaryImageOfPage\":{\"@id\":\"https:\/\/tisvildehoejskole.dk\/her-bor-vi\/#primaryimage\"},\"image\":{\"@id\":\"https:\/\/tisvildehoejskole.dk\/her-bor-vi\/#primaryimage\"},\"thumbnailUrl\":\"https:\/\/tisvildehoejskole.dk\/wp-content\/uploads\/2021\/06\/kortgoogle2.jpeg\",\"datePublished\":\"2021-06-29T13:21:38+00:00\",\"dateModified\":\"2025-10-28T09:53:36+00:00\",\"breadcrumb\":{\"@id\":\"https:\/\/tisvildehoejskole.dk\/her-bor-vi\/#breadcrumb\"},\"inLanguage\":\"en-US\",\"potentialAction\":[{\"@type\":\"ReadAction\",\"target\":[\"https:\/\/tisvildehoejskole.dk\/her-bor-vi\/\"]}]},{\"@type\":\"ImageObject\",\"inLanguage\":\"en-US\",\"@id\":\"https:\/\/tisvildehoejskole.dk\/her-bor-vi\/#primaryimage\",\"url\":\"https:\/\/tisvildehoejskole.dk\/wp-content\/uploads\/2021\/06\/kortgoogle2.jpeg\",\"contentUrl\":\"https:\/\/tisvildehoejskole.dk\/wp-content\/uploads\/2021\/06\/kortgoogle2.jpeg\"},{\"@type\":\"BreadcrumbList\",\"@id\":\"https:\/\/tisvildehoejskole.dk\/her-bor-vi\/#breadcrumb\",\"itemListElement\":[{\"@type\":\"ListItem\",\"position\":1,\"name\":\"Hjem\",\"item\":\"https:\/\/tisvildehoejskole.dk\/\"},{\"@type\":\"ListItem\",\"position\":2,\"name\":\"Her bor vi\"}]},{\"@type\":\"WebSite\",\"@id\":\"https:\/\/tisvildehoejskole.dk\/#website\",\"url\":\"https:\/\/tisvildehoejskole.dk\/\",\"name\":\"Tisvilde H\u00f8jskole\",\"description\":\"kultur, ferie &amp; kursushotel\",\"publisher\":{\"@id\":\"https:\/\/tisvildehoejskole.dk\/#organization\"},\"potentialAction\":[{\"@type\":\"SearchAction\",\"target\":{\"@type\":\"EntryPoint\",\"urlTemplate\":\"https:\/\/tisvildehoejskole.dk\/?s={search_term_string}\"},\"query-input\":{\"@type\":\"PropertyValueSpecification\",\"valueRequired\":true,\"valueName\":\"search_term_string\"}}],\"inLanguage\":\"en-US\"},{\"@type\":\"Organization\",\"@id\":\"https:\/\/tisvildehoejskole.dk\/#organization\",\"name\":\"Tisvilde H\u00f8jskole\",\"url\":\"https:\/\/tisvildehoejskole.dk\/\",\"logo\":{\"@type\":\"ImageObject\",\"inLanguage\":\"en-US\",\"@id\":\"https:\/\/tisvildehoejskole.dk\/#\/schema\/logo\/image\/\",\"url\":\"https:\/\/tisvildehoejskole.dk\/wp-content\/uploads\/2021\/07\/Tisvilde-Hojskole-Logo-Bla.png\",\"contentUrl\":\"https:\/\/tisvildehoejskole.dk\/wp-content\/uploads\/2021\/07\/Tisvilde-Hojskole-Logo-Bla.png\",\"width\":4633,\"height\":1061,\"caption\":\"Tisvilde H\u00f8jskole\"},\"image\":{\"@id\":\"https:\/\/tisvildehoejskole.dk\/#\/schema\/logo\/image\/\"},\"sameAs\":[\"https:\/\/www.facebook.com\/Tisvildehoejskole\"]}]}<\/script>\n<!-- \/ Yoast SEO plugin. -->","yoast_head_json":{"title":"Her bor vi - Tisvilde H\u00f8jskole","robots":{"index":"index","follow":"follow","max-snippet":"max-snippet:-1","max-image-preview":"max-image-preview:large","max-video-preview":"max-video-preview:-1"},"canonical":"https:\/\/tisvildehoejskole.dk\/en\/her-bor-vi\/","og_locale":"en_US","og_type":"article","og_title":"Her bor vi - Tisvilde H\u00f8jskole","og_description":"Tisvilde H\u00f8jskole I hjertet af Tisvilde! Beliggenhed: Tisvilde H\u00f8jskole Julsg\u00e5rdsvej 1-5 3220 Tisvildeleje Telefon: +45 4870 7636 E-mail: info@tisvildehoejskole.dk Transport: Bus: HT til Gilleleje og Helsinge Tog: Tog fra Hiller\u00f8d [&hellip;]","og_url":"https:\/\/tisvildehoejskole.dk\/en\/her-bor-vi\/","og_site_name":"Tisvilde H\u00f8jskole","article_publisher":"https:\/\/www.facebook.com\/Tisvildehoejskole","article_modified_time":"2025-10-28T09:53:36+00:00","og_image":[{"width":523,"height":372,"url":"https:\/\/tisvildehoejskole.dk\/wp-content\/uploads\/2021\/06\/kortgoogle2.jpeg","type":"image\/jpeg"}],"twitter_card":"summary_large_image","twitter_misc":{"Est. reading time":"1 minute"},"schema":{"@context":"https:\/\/schema.org","@graph":[{"@type":"WebPage","@id":"https:\/\/tisvildehoejskole.dk\/her-bor-vi\/","url":"https:\/\/tisvildehoejskole.dk\/her-bor-vi\/","name":"Her bor vi - Tisvilde H\u00f8jskole","isPartOf":{"@id":"https:\/\/tisvildehoejskole.dk\/#website"},"primaryImageOfPage":{"@id":"https:\/\/tisvildehoejskole.dk\/her-bor-vi\/#primaryimage"},"image":{"@id":"https:\/\/tisvildehoejskole.dk\/her-bor-vi\/#primaryimage"},"thumbnailUrl":"https:\/\/tisvildehoejskole.dk\/wp-content\/uploads\/2021\/06\/kortgoogle2.jpeg","datePublished":"2021-06-29T13:21:38+00:00","dateModified":"2025-10-28T09:53:36+00:00","breadcrumb":{"@id":"https:\/\/tisvildehoejskole.dk\/her-bor-vi\/#breadcrumb"},"inLanguage":"en-US","potentialAction":[{"@type":"ReadAction","target":["https:\/\/tisvildehoejskole.dk\/her-bor-vi\/"]}]},{"@type":"ImageObject","inLanguage":"en-US","@id":"https:\/\/tisvildehoejskole.dk\/her-bor-vi\/#primaryimage","url":"https:\/\/tisvildehoejskole.dk\/wp-content\/uploads\/2021\/06\/kortgoogle2.jpeg","contentUrl":"https:\/\/tisvildehoejskole.dk\/wp-content\/uploads\/2021\/06\/kortgoogle2.jpeg"},{"@type":"BreadcrumbList","@id":"https:\/\/tisvildehoejskole.dk\/her-bor-vi\/#breadcrumb","itemListElement":[{"@type":"ListItem","position":1,"name":"Hjem","item":"https:\/\/tisvildehoejskole.dk\/"},{"@type":"ListItem","position":2,"name":"Her bor vi"}]},{"@type":"WebSite","@id":"https:\/\/tisvildehoejskole.dk\/#website","url":"https:\/\/tisvildehoejskole.dk\/","name":"Tisvilde H\u00f8jskole","description":"kultur, ferie &amp; kursushotel","publisher":{"@id":"https:\/\/tisvildehoejskole.dk\/#organization"},"potentialAction":[{"@type":"SearchAction","target":{"@type":"EntryPoint","urlTemplate":"https:\/\/tisvildehoejskole.dk\/?s={search_term_string}"},"query-input":{"@type":"PropertyValueSpecification","valueRequired":true,"valueName":"search_term_string"}}],"inLanguage":"en-US"},{"@type":"Organization","@id":"https:\/\/tisvildehoejskole.dk\/#organization","name":"Tisvilde H\u00f8jskole","url":"https:\/\/tisvildehoejskole.dk\/","logo":{"@type":"ImageObject","inLanguage":"en-US","@id":"https:\/\/tisvildehoejskole.dk\/#\/schema\/logo\/image\/","url":"https:\/\/tisvildehoejskole.dk\/wp-content\/uploads\/2021\/07\/Tisvilde-Hojskole-Logo-Bla.png","contentUrl":"https:\/\/tisvildehoejskole.dk\/wp-content\/uploads\/2021\/07\/Tisvilde-Hojskole-Logo-Bla.png","width":4633,"height":1061,"caption":"Tisvilde H\u00f8jskole"},"image":{"@id":"https:\/\/tisvildehoejskole.dk\/#\/schema\/logo\/image\/"},"sameAs":["https:\/\/www.facebook.com\/Tisvildehoejskole"]}]}},"_links":{"self":[{"href":"https:\/\/tisvildehoejskole.dk\/en\/wp-json\/wp\/v2\/pages\/3168","targetHints":{"allow":["GET"]}}],"collection":[{"href":"https:\/\/tisvildehoejskole.dk\/en\/wp-json\/wp\/v2\/pages"}],"about":[{"href":"https:\/\/tisvildehoejskole.dk\/en\/wp-json\/wp\/v2\/types\/page"}],"author":[{"embeddable":true,"href":"https:\/\/tisvildehoejskole.dk\/en\/wp-json\/wp\/v2\/users\/8"}],"replies":[{"embeddable":true,"href":"https:\/\/tisvildehoejskole.dk\/en\/wp-json\/wp\/v2\/comments?post=3168"}],"version-history":[{"count":15,"href":"https:\/\/tisvildehoejskole.dk\/en\/wp-json\/wp\/v2\/pages\/3168\/revisions"}],"predecessor-version":[{"id":14455,"href":"https:\/\/tisvildehoejskole.dk\/en\/wp-json\/wp\/v2\/pages\/3168\/revisions\/14455"}],"wp:attachment":[{"href":"https:\/\/tisvildehoejskole.dk\/en\/wp-json\/wp\/v2\/media?parent=3168"}],"curies":[{"name":"wp","href":"https:\/\/api.w.org\/{rel}","templated":true}]}}