{"id":3176,"date":"2021-06-29T13:22:43","date_gmt":"2021-06-29T13:22:43","guid":{"rendered":"https:\/\/tisvildehojskole.ducklasweb.dk\/?page_id=3176"},"modified":"2025-10-31T12:08:48","modified_gmt":"2025-10-31T11:08:48","slug":"frivillige","status":"publish","type":"page","link":"https:\/\/tisvildehoejskole.dk\/en\/frivillige\/","title":{"rendered":"Frivillige &#8211; Tisvilde H\u00f8jskole"},"content":{"rendered":"<div data-colibri-id=\"3176-c1\" class=\"style-924 style-local-3176-c1 position-relative\">\n  <!---->\n  <div data-colibri-component=\"section\" data-colibri-id=\"3176-c2\" id=\"custom\" class=\"h-section h-section-global-spacing d-flex align-items-lg-center align-items-md-center align-items-center style-925 style-local-3176-c2 position-relative\">\n    <!---->\n    <!---->\n    <div class=\"h-section-grid-container h-section-boxed-container\">\n      <!---->\n      <div data-colibri-id=\"3176-c3\" class=\"h-row-container gutters-row-lg-2 gutters-row-md-2 gutters-row-0 gutters-row-v-lg-2 gutters-row-v-md-2 gutters-row-v-2 style-926 style-local-3176-c3 position-relative\">\n        <!---->\n        <div class=\"h-row justify-content-lg-center justify-content-md-center justify-content-center align-items-lg-stretch align-items-md-stretch align-items-stretch gutters-col-lg-2 gutters-col-md-2 gutters-col-0 gutters-col-v-lg-2 gutters-col-v-md-2 gutters-col-v-2\">\n          <!---->\n          <div class=\"h-column h-column-container d-flex h-col-lg-auto h-col-md-auto h-col-auto style-927-outer style-local-3176-c4-outer\">\n            <div data-colibri-id=\"3176-c4\" class=\"d-flex h-flex-basis h-column__inner h-px-lg-2 h-px-md-2 h-px-2 v-inner-lg-2 v-inner-md-2 v-inner-2 style-927 style-local-3176-c4 position-relative\">\n              <!---->\n              <!---->\n              <div class=\"w-100 h-y-container h-column__content h-column__v-align flex-basis-100 align-self-lg-start align-self-md-start align-self-start\">\n                <!---->\n                <div data-colibri-id=\"3176-c5\" class=\"h-text h-text-component style-1782 style-local-3176-c5 position-relative h-element\">\n                  <!---->\n                  <!---->\n                  <div class=\"\">\n                    <p>Klokken er mange. Det er den altid p\u00e5 Tisvilde H\u00f8jskole, for her er det aktive mennesker, der huserer. Det g\u00e6lder kursisterne, det g\u00e6lder de fastansatte og ikke mindst de frivillige, som uden at nogen har kr\u00e6vet det af dem, medvirker\n                      til, at skolens dagligdag bliver afviklet p\u00e5 en hj\u00e6lpsom, rar og im\u00f8dekommende m\u00e5de.<\/p>\n                    <p>Vi, der arbejder som frivillige, er alle pensionister, som er r\u00f8rige, nysgerrige p\u00e5 livet og socialt indstillet. Vi har lyst til at bruge os selv og vores erhvervede kompetencer p\u00e5 noget, som er til gl\u00e6de for andre og samtidig en social\n                      gevinst for os selv.<\/p>\n                    <p>Der er ca. 40 frivillige tilknyttet Tisvilde H\u00f8jskole og vi arbejder p\u00e5 skift, nogle 2 til 3 uger spredt over \u00e5ret, andre mere. Nogle af os vil gerne tilkaldes, hvis der af en eller anden grund kommer afbud. Derfor er det godt at vi\n                      er s\u00e5 mange.<\/p>\n                    <p>Vi arbejder med praktiske opgaver, som for en stor del handler om servicering p\u00e5 k\u00f8kkengangen om eftermiddagen, s\u00f8rge for at s\u00e6tte kaffe\/kage frem, s\u00f8rge for bordd\u00e6kning, servering, afrydning og opvask efter aftensmaden. Der er en\n                      del, der udf\u00f8rer h\u00e5ndv\u00e6rk for at holde skolens gamle smukke bygninger vedlige, og andre kaster sig over havearbejdet. Det kan ses p\u00e5 haven, som altid er i perfekt stand, uanset \u00e5rstiden.<\/p>\n                    <p>Vi hj\u00e6lper med at f\u00e5 kursister og g\u00e6ster til at f\u00f8le sig godt til rette, viser hvordan skolen er indrettet, viser vej til stranden, kopierer sange eller en opskrift og svarer p\u00e5 sp\u00f8rgsm\u00e5l, der har med de dagligdagen her at g\u00f8re. Vi\n                      giver os sig tid til en god snak med kursisterne, om det der optager dem lige nu.<\/p>\n                    <p>En gang om \u00e5ret melder vi os som frivillige til de kurser der er programlagt, Der kan v\u00e6re forskellige grunde til at v\u00e6lge bestemte kurser. Mange holder meget af musik, som der er en del af p\u00e5 Tisvilde H\u00f8jskole: jazz, opera, klassisk\n                      musik, folkemusik o.a.<\/p>\n                    <p>Cirkussommerferie og p\u00e5ske- og efter\u00e5rsferie med b\u00f8rnene er ogs\u00e5 popul\u00e6rt. Gennem tiden er der opst\u00e5et en del venskaber mellem de frivillige, s\u00e5 det sker ofte, at man melder sig sammen til et kursus.<\/p>\n                    <p>Kursernes indhold er dog ikke det afg\u00f8rende. Det, der betyder noget er, at vi er her, fordi vi kan lide det.<\/p>\n                    <p>Vi er ovre den arbejdspligtige alder, men har stadig energi og livslyst. Atmosf\u00e6ren er behagelig og munter og det bliver aldrig en tung og kedelig opgave, fordi vi selv kan v\u00e6lge, hvorn\u00e5r og hvor l\u00e6nge, vi vil v\u00e6re her.<\/p>\n                    <p>Skolen er ikke statsst\u00f8ttet, men er en selvejende institution. Netop derfor er de frivilliges arbejde helt essentielt. Og fordi, der er s\u00e5 mange gode tilbud; kunst, musik, videnskab og kulturelle oplevelser, som kursisterne nyder godt\n                      af, giver det mening at bidrage til stedet. Ingen skal v\u00e6re i tvivl om, at den indsats bliver p\u00e5sk\u00f8nnet b\u00e5de af kursisterne, forstanderen og de ansatte.<\/p>\n                    <p>Vi f\u00e5r mange skulderklap og rosende ord med p\u00e5 vejen fra alle sider. Det er et s\u00e6rligt og givende f\u00e6llesskab, der f\u00f8les som et privilegium. Det kan ikke g\u00f8res op i penge. P\u00e5 vegne af alle de frivillige, Marianne Godtfredsen.<\/p>\n                    <p>Har du f\u00e5et lyst til at blive en del af h\u00f8jskolen som frivillig, s\u00e5 kontakt skolens forstander, Jacob Frische, eller kig forbi. Der er altid kaffe p\u00e5 kanden og tid til en snak.<\/p>\n                  <\/div>\n                <\/div>\n              <\/div>\n            <\/div>\n          <\/div>\n        <\/div>\n      <\/div>\n    <\/div>\n  <\/div>\n  <div data-colibri-component=\"section\" data-colibri-id=\"3176-c6\" id=\"custom-2\" class=\"h-section h-section-global-spacing d-flex align-items-lg-center align-items-md-center align-items-center style-931 style-local-3176-c6 position-relative\">\n    <!---->\n    <!---->\n    <div class=\"h-section-grid-container h-section-boxed-container\">\n      <!---->\n      <div data-colibri-id=\"3176-c7\" class=\"h-row-container gutters-row-lg-2 gutters-row-md-2 gutters-row-0 gutters-row-v-lg-2 gutters-row-v-md-2 gutters-row-v-2 style-932 style-local-3176-c7 position-relative\">\n        <!---->\n        <div class=\"h-row justify-content-lg-center justify-content-md-center justify-content-center align-items-lg-stretch align-items-md-stretch align-items-stretch gutters-col-lg-2 gutters-col-md-2 gutters-col-0 gutters-col-v-lg-2 gutters-col-v-md-2 gutters-col-v-2\">\n          <!---->\n          <div class=\"h-column h-column-container d-flex h-col-lg-auto h-col-md-auto h-col-auto style-933-outer style-local-3176-c8-outer\">\n            <div data-colibri-id=\"3176-c8\" class=\"d-flex h-flex-basis h-column__inner h-px-lg-2 h-px-md-2 h-px-2 v-inner-lg-2 v-inner-md-2 v-inner-2 style-933 style-local-3176-c8 position-relative\">\n              <!---->\n              <!---->\n              <div class=\"w-100 h-y-container h-column__content h-column__v-align flex-basis-100 align-self-lg-start align-self-md-start align-self-start\">\n                <!---->\n                <div data-colibri-id=\"3176-c9\" class=\"d-block style-934 style-local-3176-c9 position-relative h-element\">\n                  <!---->\n                  <div class=\"h-image__frame-container-outer\">\n                    <div class=\"h-image__frame-container\">\n                      <!---->\n                      <!---->\n                      <img loading=\"lazy\" decoding=\"async\" width=\"2560\" height=\"1707\" src=\"https:\/\/tisvildehoejskole.dk\/wp-content\/uploads\/2022\/10\/Tisvilde-7-scaled.jpg\" class=\"wp-image-5465 style-934-image style-local-3176-c9-image\" alt=\"\" srcset=\"https:\/\/tisvildehoejskole.dk\/wp-content\/uploads\/2022\/10\/Tisvilde-7-scaled.jpg 2560w, https:\/\/tisvildehoejskole.dk\/wp-content\/uploads\/2022\/10\/Tisvilde-7-300x200.jpg 300w, https:\/\/tisvildehoejskole.dk\/wp-content\/uploads\/2022\/10\/Tisvilde-7-1024x683.jpg 1024w, https:\/\/tisvildehoejskole.dk\/wp-content\/uploads\/2022\/10\/Tisvilde-7-768x512.jpg 768w, https:\/\/tisvildehoejskole.dk\/wp-content\/uploads\/2022\/10\/Tisvilde-7-1536x1024.jpg 1536w, https:\/\/tisvildehoejskole.dk\/wp-content\/uploads\/2022\/10\/Tisvilde-7-2048x1365.jpg 2048w, https:\/\/tisvildehoejskole.dk\/wp-content\/uploads\/2022\/10\/Tisvilde-7-18x12.jpg 18w\" sizes=\"auto, (max-width: 2560px) 100vw, 2560px\" \/>\n                      <div class=\"h-image__frame h-hide-lg h-hide-md h-hide-sm style-934-frameImage style-local-3176-c9-frameImage\"><\/div>\n                    <\/div>\n                  <\/div>\n                <\/div>\n              <\/div>\n            <\/div>\n          <\/div>\n        <\/div>\n      <\/div>\n    <\/div>\n  <\/div>\n<\/div>","protected":false},"excerpt":{"rendered":"<p>Klokken er mange. Det er den altid p\u00e5 Tisvilde H\u00f8jskole, for her er det aktive mennesker, der huserer. Det g\u00e6lder kursisterne, det g\u00e6lder de fastansatte og ikke mindst de frivillige, [&hellip;]<\/p>","protected":false},"author":8,"featured_media":0,"parent":0,"menu_order":0,"comment_status":"closed","ping_status":"closed","template":"page-templates\/full-width-page.php","meta":{"_acf_changed":false,"footnotes":""},"class_list":["post-3176","page","type-page","status-publish","hentry"],"acf":[],"yoast_head":"<!-- This site is optimized with the Yoast SEO plugin v26.5 - https:\/\/yoast.com\/wordpress\/plugins\/seo\/ -->\n<title>Frivillige - Tisvilde H\u00f8jskole - Tisvilde H\u00f8jskole<\/title>\n<meta name=\"robots\" content=\"index, follow, max-snippet:-1, max-image-preview:large, max-video-preview:-1\" \/>\n<link rel=\"canonical\" href=\"https:\/\/tisvildehoejskole.dk\/en\/frivillige\/\" \/>\n<meta property=\"og:locale\" content=\"en_US\" \/>\n<meta property=\"og:type\" content=\"article\" \/>\n<meta property=\"og:title\" content=\"Frivillige - Tisvilde H\u00f8jskole - Tisvilde H\u00f8jskole\" \/>\n<meta property=\"og:description\" content=\"Klokken er mange. Det er den altid p\u00e5 Tisvilde H\u00f8jskole, for her er det aktive mennesker, der huserer. Det g\u00e6lder kursisterne, det g\u00e6lder de fastansatte og ikke mindst de frivillige, [&hellip;]\" \/>\n<meta property=\"og:url\" content=\"https:\/\/tisvildehoejskole.dk\/en\/frivillige\/\" \/>\n<meta property=\"og:site_name\" content=\"Tisvilde H\u00f8jskole\" \/>\n<meta property=\"article:publisher\" content=\"https:\/\/www.facebook.com\/Tisvildehoejskole\" \/>\n<meta property=\"article:modified_time\" content=\"2025-10-31T11:08:48+00:00\" \/>\n<meta property=\"og:image\" content=\"https:\/\/tisvildehoejskole.dk\/wp-content\/uploads\/2022\/10\/Tisvilde-7-scaled.jpg\" \/>\n\t<meta property=\"og:image:width\" content=\"2560\" \/>\n\t<meta property=\"og:image:height\" content=\"1707\" \/>\n\t<meta property=\"og:image:type\" content=\"image\/jpeg\" \/>\n<meta name=\"twitter:card\" content=\"summary_large_image\" \/>\n<meta name=\"twitter:label1\" content=\"Est. reading time\" \/>\n\t<meta name=\"twitter:data1\" content=\"4 minutes\" \/>\n<script type=\"application\/ld+json\" class=\"yoast-schema-graph\">{\"@context\":\"https:\/\/schema.org\",\"@graph\":[{\"@type\":\"WebPage\",\"@id\":\"https:\/\/tisvildehoejskole.dk\/frivillige\/\",\"url\":\"https:\/\/tisvildehoejskole.dk\/frivillige\/\",\"name\":\"Frivillige - Tisvilde H\u00f8jskole - Tisvilde H\u00f8jskole\",\"isPartOf\":{\"@id\":\"https:\/\/tisvildehoejskole.dk\/#website\"},\"primaryImageOfPage\":{\"@id\":\"https:\/\/tisvildehoejskole.dk\/frivillige\/#primaryimage\"},\"image\":{\"@id\":\"https:\/\/tisvildehoejskole.dk\/frivillige\/#primaryimage\"},\"thumbnailUrl\":\"https:\/\/tisvildehoejskole.dk\/wp-content\/uploads\/2022\/10\/Tisvilde-7-scaled.jpg\",\"datePublished\":\"2021-06-29T13:22:43+00:00\",\"dateModified\":\"2025-10-31T11:08:48+00:00\",\"breadcrumb\":{\"@id\":\"https:\/\/tisvildehoejskole.dk\/frivillige\/#breadcrumb\"},\"inLanguage\":\"en-US\",\"potentialAction\":[{\"@type\":\"ReadAction\",\"target\":[\"https:\/\/tisvildehoejskole.dk\/frivillige\/\"]}]},{\"@type\":\"ImageObject\",\"inLanguage\":\"en-US\",\"@id\":\"https:\/\/tisvildehoejskole.dk\/frivillige\/#primaryimage\",\"url\":\"https:\/\/tisvildehoejskole.dk\/wp-content\/uploads\/2022\/10\/Tisvilde-7-scaled.jpg\",\"contentUrl\":\"https:\/\/tisvildehoejskole.dk\/wp-content\/uploads\/2022\/10\/Tisvilde-7-scaled.jpg\"},{\"@type\":\"BreadcrumbList\",\"@id\":\"https:\/\/tisvildehoejskole.dk\/frivillige\/#breadcrumb\",\"itemListElement\":[{\"@type\":\"ListItem\",\"position\":1,\"name\":\"Hjem\",\"item\":\"https:\/\/tisvildehoejskole.dk\/\"},{\"@type\":\"ListItem\",\"position\":2,\"name\":\"Frivillige &#8211; Tisvilde H\u00f8jskole\"}]},{\"@type\":\"WebSite\",\"@id\":\"https:\/\/tisvildehoejskole.dk\/#website\",\"url\":\"https:\/\/tisvildehoejskole.dk\/\",\"name\":\"Tisvilde H\u00f8jskole\",\"description\":\"kultur, ferie &amp; kursushotel\",\"publisher\":{\"@id\":\"https:\/\/tisvildehoejskole.dk\/#organization\"},\"potentialAction\":[{\"@type\":\"SearchAction\",\"target\":{\"@type\":\"EntryPoint\",\"urlTemplate\":\"https:\/\/tisvildehoejskole.dk\/?s={search_term_string}\"},\"query-input\":{\"@type\":\"PropertyValueSpecification\",\"valueRequired\":true,\"valueName\":\"search_term_string\"}}],\"inLanguage\":\"en-US\"},{\"@type\":\"Organization\",\"@id\":\"https:\/\/tisvildehoejskole.dk\/#organization\",\"name\":\"Tisvilde H\u00f8jskole\",\"url\":\"https:\/\/tisvildehoejskole.dk\/\",\"logo\":{\"@type\":\"ImageObject\",\"inLanguage\":\"en-US\",\"@id\":\"https:\/\/tisvildehoejskole.dk\/#\/schema\/logo\/image\/\",\"url\":\"https:\/\/tisvildehoejskole.dk\/wp-content\/uploads\/2021\/07\/Tisvilde-Hojskole-Logo-Bla.png\",\"contentUrl\":\"https:\/\/tisvildehoejskole.dk\/wp-content\/uploads\/2021\/07\/Tisvilde-Hojskole-Logo-Bla.png\",\"width\":4633,\"height\":1061,\"caption\":\"Tisvilde H\u00f8jskole\"},\"image\":{\"@id\":\"https:\/\/tisvildehoejskole.dk\/#\/schema\/logo\/image\/\"},\"sameAs\":[\"https:\/\/www.facebook.com\/Tisvildehoejskole\"]}]}<\/script>\n<!-- \/ Yoast SEO plugin. -->","yoast_head_json":{"title":"Frivillige - Tisvilde H\u00f8jskole - Tisvilde H\u00f8jskole","robots":{"index":"index","follow":"follow","max-snippet":"max-snippet:-1","max-image-preview":"max-image-preview:large","max-video-preview":"max-video-preview:-1"},"canonical":"https:\/\/tisvildehoejskole.dk\/en\/frivillige\/","og_locale":"en_US","og_type":"article","og_title":"Frivillige - Tisvilde H\u00f8jskole - Tisvilde H\u00f8jskole","og_description":"Klokken er mange. Det er den altid p\u00e5 Tisvilde H\u00f8jskole, for her er det aktive mennesker, der huserer. Det g\u00e6lder kursisterne, det g\u00e6lder de fastansatte og ikke mindst de frivillige, [&hellip;]","og_url":"https:\/\/tisvildehoejskole.dk\/en\/frivillige\/","og_site_name":"Tisvilde H\u00f8jskole","article_publisher":"https:\/\/www.facebook.com\/Tisvildehoejskole","article_modified_time":"2025-10-31T11:08:48+00:00","og_image":[{"width":2560,"height":1707,"url":"https:\/\/tisvildehoejskole.dk\/wp-content\/uploads\/2022\/10\/Tisvilde-7-scaled.jpg","type":"image\/jpeg"}],"twitter_card":"summary_large_image","twitter_misc":{"Est. reading time":"4 minutes"},"schema":{"@context":"https:\/\/schema.org","@graph":[{"@type":"WebPage","@id":"https:\/\/tisvildehoejskole.dk\/frivillige\/","url":"https:\/\/tisvildehoejskole.dk\/frivillige\/","name":"Frivillige - Tisvilde H\u00f8jskole - Tisvilde H\u00f8jskole","isPartOf":{"@id":"https:\/\/tisvildehoejskole.dk\/#website"},"primaryImageOfPage":{"@id":"https:\/\/tisvildehoejskole.dk\/frivillige\/#primaryimage"},"image":{"@id":"https:\/\/tisvildehoejskole.dk\/frivillige\/#primaryimage"},"thumbnailUrl":"https:\/\/tisvildehoejskole.dk\/wp-content\/uploads\/2022\/10\/Tisvilde-7-scaled.jpg","datePublished":"2021-06-29T13:22:43+00:00","dateModified":"2025-10-31T11:08:48+00:00","breadcrumb":{"@id":"https:\/\/tisvildehoejskole.dk\/frivillige\/#breadcrumb"},"inLanguage":"en-US","potentialAction":[{"@type":"ReadAction","target":["https:\/\/tisvildehoejskole.dk\/frivillige\/"]}]},{"@type":"ImageObject","inLanguage":"en-US","@id":"https:\/\/tisvildehoejskole.dk\/frivillige\/#primaryimage","url":"https:\/\/tisvildehoejskole.dk\/wp-content\/uploads\/2022\/10\/Tisvilde-7-scaled.jpg","contentUrl":"https:\/\/tisvildehoejskole.dk\/wp-content\/uploads\/2022\/10\/Tisvilde-7-scaled.jpg"},{"@type":"BreadcrumbList","@id":"https:\/\/tisvildehoejskole.dk\/frivillige\/#breadcrumb","itemListElement":[{"@type":"ListItem","position":1,"name":"Hjem","item":"https:\/\/tisvildehoejskole.dk\/"},{"@type":"ListItem","position":2,"name":"Frivillige &#8211; Tisvilde H\u00f8jskole"}]},{"@type":"WebSite","@id":"https:\/\/tisvildehoejskole.dk\/#website","url":"https:\/\/tisvildehoejskole.dk\/","name":"Tisvilde H\u00f8jskole","description":"kultur, ferie &amp; kursushotel","publisher":{"@id":"https:\/\/tisvildehoejskole.dk\/#organization"},"potentialAction":[{"@type":"SearchAction","target":{"@type":"EntryPoint","urlTemplate":"https:\/\/tisvildehoejskole.dk\/?s={search_term_string}"},"query-input":{"@type":"PropertyValueSpecification","valueRequired":true,"valueName":"search_term_string"}}],"inLanguage":"en-US"},{"@type":"Organization","@id":"https:\/\/tisvildehoejskole.dk\/#organization","name":"Tisvilde H\u00f8jskole","url":"https:\/\/tisvildehoejskole.dk\/","logo":{"@type":"ImageObject","inLanguage":"en-US","@id":"https:\/\/tisvildehoejskole.dk\/#\/schema\/logo\/image\/","url":"https:\/\/tisvildehoejskole.dk\/wp-content\/uploads\/2021\/07\/Tisvilde-Hojskole-Logo-Bla.png","contentUrl":"https:\/\/tisvildehoejskole.dk\/wp-content\/uploads\/2021\/07\/Tisvilde-Hojskole-Logo-Bla.png","width":4633,"height":1061,"caption":"Tisvilde H\u00f8jskole"},"image":{"@id":"https:\/\/tisvildehoejskole.dk\/#\/schema\/logo\/image\/"},"sameAs":["https:\/\/www.facebook.com\/Tisvildehoejskole"]}]}},"_links":{"self":[{"href":"https:\/\/tisvildehoejskole.dk\/en\/wp-json\/wp\/v2\/pages\/3176","targetHints":{"allow":["GET"]}}],"collection":[{"href":"https:\/\/tisvildehoejskole.dk\/en\/wp-json\/wp\/v2\/pages"}],"about":[{"href":"https:\/\/tisvildehoejskole.dk\/en\/wp-json\/wp\/v2\/types\/page"}],"author":[{"embeddable":true,"href":"https:\/\/tisvildehoejskole.dk\/en\/wp-json\/wp\/v2\/users\/8"}],"replies":[{"embeddable":true,"href":"https:\/\/tisvildehoejskole.dk\/en\/wp-json\/wp\/v2\/comments?post=3176"}],"version-history":[{"count":17,"href":"https:\/\/tisvildehoejskole.dk\/en\/wp-json\/wp\/v2\/pages\/3176\/revisions"}],"predecessor-version":[{"id":14488,"href":"https:\/\/tisvildehoejskole.dk\/en\/wp-json\/wp\/v2\/pages\/3176\/revisions\/14488"}],"wp:attachment":[{"href":"https:\/\/tisvildehoejskole.dk\/en\/wp-json\/wp\/v2\/media?parent=3176"}],"curies":[{"name":"wp","href":"https:\/\/api.w.org\/{rel}","templated":true}]}}