{"id":3182,"date":"2021-06-30T07:20:54","date_gmt":"2021-06-30T07:20:54","guid":{"rendered":"https:\/\/tisvildehojskole.ducklasweb.dk\/?page_id=3182"},"modified":"2026-01-15T16:53:26","modified_gmt":"2026-01-15T15:53:26","slug":"tisvilde-hojskolens-venner","status":"publish","type":"page","link":"https:\/\/tisvildehoejskole.dk\/en\/tisvilde-hojskolens-venner\/","title":{"rendered":"Tisvilde h\u00f8jskoles venner"},"content":{"rendered":"<div data-colibri-id=\"3182-c1\" class=\"style-999 style-local-3182-c1 position-relative\">\n  <!---->\n  <div data-colibri-component=\"section\" data-colibri-id=\"3182-c2\" id=\"content\" class=\"h-section h-section-global-spacing d-flex align-items-lg-center align-items-md-center align-items-center style-1000 style-local-3182-c2 position-relative\">\n    <!---->\n    <!---->\n    <div class=\"h-section-grid-container h-section-boxed-container\">\n      <!---->\n      <div data-colibri-id=\"3182-c3\" class=\"h-row-container gutters-row-lg-2 gutters-row-md-2 gutters-row-0 gutters-row-v-lg-2 gutters-row-v-md-2 gutters-row-v-2 style-1492 style-local-3182-c3 position-relative\">\n        <!---->\n        <div class=\"h-row justify-content-lg-center justify-content-md-center justify-content-center align-items-lg-stretch align-items-md-stretch align-items-stretch gutters-col-lg-2 gutters-col-md-2 gutters-col-0 gutters-col-v-lg-2 gutters-col-v-md-2 gutters-col-v-2\">\n          <!---->\n          <div class=\"h-column h-column-container d-flex h-col-lg-auto h-col-md-auto h-col-auto style-1493-outer style-local-3182-c4-outer\">\n            <div data-colibri-id=\"3182-c4\" class=\"d-flex h-flex-basis h-column__inner h-px-lg-2 h-px-md-2 h-px-2 v-inner-lg-2 v-inner-md-2 v-inner-2 style-1493 style-local-3182-c4 position-relative\">\n              <!---->\n              <!---->\n              <div class=\"w-100 h-y-container h-column__content h-column__v-align flex-basis-100 align-self-lg-center align-self-md-center align-self-center\">\n                <!---->\n                <div data-colibri-id=\"3182-c5\" class=\"d-block style-1495 style-local-3182-c5 position-relative h-element\">\n                  <!---->\n                  <div class=\"h-image__frame-container-outer\">\n                    <div class=\"h-image__frame-container\">\n                      <!---->\n                      <!---->\n                      <img loading=\"lazy\" decoding=\"async\" width=\"1500\" height=\"378\" src=\"https:\/\/tisvildehoejskole.dk\/wp-content\/uploads\/2025\/10\/Logo.png\" class=\"wp-image-14177 style-1495-image style-local-3182-c5-image\" alt=\"\" srcset=\"https:\/\/tisvildehoejskole.dk\/wp-content\/uploads\/2025\/10\/Logo.png 1500w, https:\/\/tisvildehoejskole.dk\/wp-content\/uploads\/2025\/10\/Logo-300x76.png 300w, https:\/\/tisvildehoejskole.dk\/wp-content\/uploads\/2025\/10\/Logo-1024x258.png 1024w, https:\/\/tisvildehoejskole.dk\/wp-content\/uploads\/2025\/10\/Logo-768x194.png 768w, https:\/\/tisvildehoejskole.dk\/wp-content\/uploads\/2025\/10\/Logo-18x5.png 18w\" sizes=\"auto, (max-width: 1500px) 100vw, 1500px\" \/>\n                      <div class=\"h-image__frame h-hide-lg h-hide-md h-hide-sm style-1495-frameImage style-local-3182-c5-frameImage\"><\/div>\n                    <\/div>\n                  <\/div>\n                <\/div>\n              <\/div>\n            <\/div>\n          <\/div>\n          <div class=\"h-column h-column-container d-flex h-col-lg-auto h-col-md-auto h-col-auto style-1494-outer style-local-3182-c6-outer\">\n            <div data-colibri-id=\"3182-c6\" class=\"d-flex h-flex-basis h-column__inner h-px-lg-2 h-px-md-2 h-px-2 v-inner-lg-2 v-inner-md-2 v-inner-2 style-1494 style-local-3182-c6 position-relative\">\n              <!---->\n              <!---->\n              <div class=\"w-100 h-y-container h-column__content h-column__v-align flex-basis-100 align-self-lg-start align-self-md-start align-self-start\">\n                <!---->\n                <div data-colibri-id=\"3182-c7\" class=\"d-block style-1011 style-local-3182-c7 position-relative h-element\">\n                  <!---->\n                  <div class=\"h-image__frame-container-outer\">\n                    <div class=\"h-image__frame-container\">\n                      <!---->\n                      <!---->\n                      <img loading=\"lazy\" decoding=\"async\" width=\"1032\" height=\"632\" src=\"https:\/\/tisvildehoejskole.dk\/wp-content\/uploads\/2022\/11\/tisvilde-venner.jpg\" class=\"wp-image-5555 style-1011-image style-local-3182-c7-image\" alt=\"\" srcset=\"https:\/\/tisvildehoejskole.dk\/wp-content\/uploads\/2022\/11\/tisvilde-venner.jpg 1032w, https:\/\/tisvildehoejskole.dk\/wp-content\/uploads\/2022\/11\/tisvilde-venner-300x184.jpg 300w, https:\/\/tisvildehoejskole.dk\/wp-content\/uploads\/2022\/11\/tisvilde-venner-1024x627.jpg 1024w, https:\/\/tisvildehoejskole.dk\/wp-content\/uploads\/2022\/11\/tisvilde-venner-768x470.jpg 768w, https:\/\/tisvildehoejskole.dk\/wp-content\/uploads\/2022\/11\/tisvilde-venner-18x12.jpg 18w\" sizes=\"auto, (max-width: 1032px) 100vw, 1032px\" \/>\n                      <div class=\"h-image__frame h-image__frame_shadow h-hide-lg h-hide-md h-hide-sm style-1011-frameImage style-local-3182-c7-frameImage\"><\/div>\n                    <\/div>\n                  <\/div>\n                <\/div>\n              <\/div>\n            <\/div>\n          <\/div>\n        <\/div>\n      <\/div>\n      <div data-colibri-id=\"3182-c8\" class=\"h-row-container gutters-row-lg-2 gutters-row-md-2 gutters-row-2 gutters-row-v-lg-2 gutters-row-v-md-2 gutters-row-v-2 style-1001 style-local-3182-c8 position-relative\">\n        <!---->\n        <div class=\"h-row justify-content-lg-center justify-content-md-center justify-content-center align-items-lg-stretch align-items-md-stretch align-items-stretch gutters-col-lg-2 gutters-col-md-2 gutters-col-2 gutters-col-v-lg-2 gutters-col-v-md-2 gutters-col-v-2\">\n          <!---->\n          <div class=\"h-column h-column-container d-flex h-col-lg-auto h-col-md-auto h-col-auto style-1002-outer style-local-3182-c9-outer\">\n            <div data-colibri-id=\"3182-c9\" class=\"d-flex h-flex-basis h-column__inner h-px-lg-2 h-px-md-2 h-px-2 v-inner-lg-2 v-inner-md-2 v-inner-2 style-1002 style-local-3182-c9 position-relative\">\n              <!---->\n              <!---->\n              <div class=\"w-100 h-y-container h-column__content h-column__v-align flex-basis-100 align-self-lg-center align-self-md-center align-self-center\">\n                <!---->\n                <div data-colibri-id=\"3182-c17\" class=\"h-global-transition-all h-heading style-1857 style-local-3182-c17 position-relative h-element\">\n                  <!---->\n                  <div class=\"h-heading__outer style-1857 style-local-3182-c17\">\n                    <!---->\n                    <!---->\n                    <h2 class=\"\"><strong>Meld dig ind i Tisvilde H\u00f8jskoles venner<\/strong><\/h2>\n                  <\/div>\n                <\/div>\n                <div data-colibri-id=\"3182-c10\" class=\"h-text h-text-component style-1782 style-local-3182-c10 position-relative h-element\">\n                  <!---->\n                  <!---->\n                  <div class=\"\">\n                    <p>Alle Venneforeningens medlemmer har meldt sig ind efter en god oplevelse p\u00e5 eller i forbindelse med h\u00f8jskolen.<\/p>\n                    <p>Vi h\u00e5ber du\/I bliver de n\u00e6ste, der melder sig ind, for p\u00e5 den m\u00e5de at st\u00f8tte h\u00f8jskolen, og f\u00e5 mere end 400 nye venner.<\/p>\n                    <p>Som medlem st\u00f8tter du h\u00f8jskolens forsk\u00f8nnelse og brugbarhed til gl\u00e6de for h\u00f8jskolens kursister og g\u00e6ster.<\/p>\n                    <p>Som medlem kan du deltage i Venneforeningens arrangementer, der alle ske i et t\u00e6t samarbejde med h\u00f8jskolen, og du\/I f\u00e5r indflydelse p\u00e5 generalforsamlingen, der afholdes i \u00e5rets f\u00f8rste kvartal, og som bestemmer hvilke donationer der\n                      skal gives til skolen. Du modtager derudover l\u00f8bende informationer, om hvad der foreg\u00e5r p\u00e5 h\u00f8jskolen, og bliver iblandt de f\u00f8rste, der modtager gode tilbud.<\/p>\n                    <p>Foreningen blev startet i efter\u00e5ret 2006, og alle de \u00f8konomiske midler der kommer ind, bliver brugt til at forsk\u00f8nne og forbedre h\u00f8jskolens interi\u00f8r og udearealer. Gennem \u00e5rene har Venneforeningens f.eks. bidraget til at f\u00e5 malet hele\n                      skolen udend\u00f8rs, oprenset fiskedammen, indk\u00f8bt lokalelydd\u00e6mpning, h\u00f8jtalere, AV-udstyr, gulvt\u00e6pper og stoleflet, og ikke mindst kunst p\u00e5 v\u00e6ggene.<\/p>\n                    <p>Venneforeningens st\u00f8tte er af uvurderlig betydning for h\u00f8jskolen, for den modtager ingen \u00f8konomisk st\u00f8tte, hverken fra kommuner, regioner eller staten.<\/p>\n                    <p>Driften af skolen hviler p\u00e5 et non-profit princip. S\u00e5 st\u00f8tten falder p\u00e5 et t\u00f8rt sted.<\/p>\n                    <p>Hvis du\/I vil melde dig\/jer ind, s\u00e5 kan det ske p\u00e5 h\u00f8jskolen eller p\u00e5 Venneforeningens hjemmeside:<\/p>\n                    <p>https:\/\/thv.one\/ under Indmeldelse.<\/p>\n                    <p>P\u00e5 hjemmesiden kan du\/I ogs\u00e5 f\u00f8lge med i foreningens aktiviteter og tilmelde dig\/jer til Betalingsservice. Kontingentet f\u00f8lger kalender\u00e5ret, og er kr. 250,- for enlige og kr. 400 kr. for par.<\/p>\n                    <p>Formand<\/p>\n                    <p>Preben Etwil<\/p>\n                    <p>Tisvilde H\u00f8jskoles Venner<\/p>\n                  <\/div>\n                <\/div>\n              <\/div>\n            <\/div>\n          <\/div>\n        <\/div>\n      <\/div>\n    <\/div>\n  <\/div>\n<\/div>","protected":false},"excerpt":{"rendered":"<p>Meld dig ind i Tisvilde H\u00f8jskoles venner Alle Venneforeningens medlemmer har meldt sig ind efter en god oplevelse p\u00e5 eller i forbindelse med h\u00f8jskolen. Vi h\u00e5ber du\/I bliver de n\u00e6ste, [&hellip;]<\/p>","protected":false},"author":8,"featured_media":0,"parent":0,"menu_order":0,"comment_status":"closed","ping_status":"closed","template":"page-templates\/full-width-page.php","meta":{"_acf_changed":false,"footnotes":""},"class_list":["post-3182","page","type-page","status-publish","hentry"],"acf":[],"yoast_head":"<!-- This site is optimized with the Yoast SEO plugin v26.5 - https:\/\/yoast.com\/wordpress\/plugins\/seo\/ -->\n<title>Tisvilde h\u00f8jskoles venner - Tisvilde H\u00f8jskole<\/title>\n<meta name=\"robots\" content=\"index, follow, max-snippet:-1, max-image-preview:large, max-video-preview:-1\" \/>\n<link rel=\"canonical\" href=\"https:\/\/tisvildehoejskole.dk\/en\/tisvilde-hojskolens-venner\/\" \/>\n<meta property=\"og:locale\" content=\"en_US\" \/>\n<meta property=\"og:type\" content=\"article\" \/>\n<meta property=\"og:title\" content=\"Tisvilde h\u00f8jskoles venner - Tisvilde H\u00f8jskole\" \/>\n<meta property=\"og:description\" content=\"Meld dig ind i Tisvilde H\u00f8jskoles venner Alle Venneforeningens medlemmer har meldt sig ind efter en god oplevelse p\u00e5 eller i forbindelse med h\u00f8jskolen. Vi h\u00e5ber du\/I bliver de n\u00e6ste, [&hellip;]\" \/>\n<meta property=\"og:url\" content=\"https:\/\/tisvildehoejskole.dk\/en\/tisvilde-hojskolens-venner\/\" \/>\n<meta property=\"og:site_name\" content=\"Tisvilde H\u00f8jskole\" \/>\n<meta property=\"article:publisher\" content=\"https:\/\/www.facebook.com\/Tisvildehoejskole\" \/>\n<meta property=\"article:modified_time\" content=\"2026-01-15T15:53:26+00:00\" \/>\n<meta property=\"og:image\" content=\"https:\/\/tisvildehoejskole.dk\/wp-content\/uploads\/2025\/10\/Logo.png\" \/>\n\t<meta property=\"og:image:width\" content=\"1500\" \/>\n\t<meta property=\"og:image:height\" content=\"378\" \/>\n\t<meta property=\"og:image:type\" content=\"image\/png\" \/>\n<meta name=\"twitter:card\" content=\"summary_large_image\" \/>\n<meta name=\"twitter:label1\" content=\"Est. reading time\" \/>\n\t<meta name=\"twitter:data1\" content=\"2 minutes\" \/>\n<script type=\"application\/ld+json\" class=\"yoast-schema-graph\">{\"@context\":\"https:\/\/schema.org\",\"@graph\":[{\"@type\":\"WebPage\",\"@id\":\"https:\/\/tisvildehoejskole.dk\/tisvilde-hojskolens-venner\/\",\"url\":\"https:\/\/tisvildehoejskole.dk\/tisvilde-hojskolens-venner\/\",\"name\":\"Tisvilde h\u00f8jskoles venner - Tisvilde H\u00f8jskole\",\"isPartOf\":{\"@id\":\"https:\/\/tisvildehoejskole.dk\/#website\"},\"primaryImageOfPage\":{\"@id\":\"https:\/\/tisvildehoejskole.dk\/tisvilde-hojskolens-venner\/#primaryimage\"},\"image\":{\"@id\":\"https:\/\/tisvildehoejskole.dk\/tisvilde-hojskolens-venner\/#primaryimage\"},\"thumbnailUrl\":\"https:\/\/tisvildehoejskole.dk\/wp-content\/uploads\/2025\/10\/Logo.png\",\"datePublished\":\"2021-06-30T07:20:54+00:00\",\"dateModified\":\"2026-01-15T15:53:26+00:00\",\"breadcrumb\":{\"@id\":\"https:\/\/tisvildehoejskole.dk\/tisvilde-hojskolens-venner\/#breadcrumb\"},\"inLanguage\":\"en-US\",\"potentialAction\":[{\"@type\":\"ReadAction\",\"target\":[\"https:\/\/tisvildehoejskole.dk\/tisvilde-hojskolens-venner\/\"]}]},{\"@type\":\"ImageObject\",\"inLanguage\":\"en-US\",\"@id\":\"https:\/\/tisvildehoejskole.dk\/tisvilde-hojskolens-venner\/#primaryimage\",\"url\":\"https:\/\/tisvildehoejskole.dk\/wp-content\/uploads\/2025\/10\/Logo.png\",\"contentUrl\":\"https:\/\/tisvildehoejskole.dk\/wp-content\/uploads\/2025\/10\/Logo.png\"},{\"@type\":\"BreadcrumbList\",\"@id\":\"https:\/\/tisvildehoejskole.dk\/tisvilde-hojskolens-venner\/#breadcrumb\",\"itemListElement\":[{\"@type\":\"ListItem\",\"position\":1,\"name\":\"Hjem\",\"item\":\"https:\/\/tisvildehoejskole.dk\/\"},{\"@type\":\"ListItem\",\"position\":2,\"name\":\"Tisvilde h\u00f8jskoles venner\"}]},{\"@type\":\"WebSite\",\"@id\":\"https:\/\/tisvildehoejskole.dk\/#website\",\"url\":\"https:\/\/tisvildehoejskole.dk\/\",\"name\":\"Tisvilde H\u00f8jskole\",\"description\":\"kultur, ferie &amp; kursushotel\",\"publisher\":{\"@id\":\"https:\/\/tisvildehoejskole.dk\/#organization\"},\"potentialAction\":[{\"@type\":\"SearchAction\",\"target\":{\"@type\":\"EntryPoint\",\"urlTemplate\":\"https:\/\/tisvildehoejskole.dk\/?s={search_term_string}\"},\"query-input\":{\"@type\":\"PropertyValueSpecification\",\"valueRequired\":true,\"valueName\":\"search_term_string\"}}],\"inLanguage\":\"en-US\"},{\"@type\":\"Organization\",\"@id\":\"https:\/\/tisvildehoejskole.dk\/#organization\",\"name\":\"Tisvilde H\u00f8jskole\",\"url\":\"https:\/\/tisvildehoejskole.dk\/\",\"logo\":{\"@type\":\"ImageObject\",\"inLanguage\":\"en-US\",\"@id\":\"https:\/\/tisvildehoejskole.dk\/#\/schema\/logo\/image\/\",\"url\":\"https:\/\/tisvildehoejskole.dk\/wp-content\/uploads\/2021\/07\/Tisvilde-Hojskole-Logo-Bla.png\",\"contentUrl\":\"https:\/\/tisvildehoejskole.dk\/wp-content\/uploads\/2021\/07\/Tisvilde-Hojskole-Logo-Bla.png\",\"width\":4633,\"height\":1061,\"caption\":\"Tisvilde H\u00f8jskole\"},\"image\":{\"@id\":\"https:\/\/tisvildehoejskole.dk\/#\/schema\/logo\/image\/\"},\"sameAs\":[\"https:\/\/www.facebook.com\/Tisvildehoejskole\"]}]}<\/script>\n<!-- \/ Yoast SEO plugin. -->","yoast_head_json":{"title":"Tisvilde h\u00f8jskoles venner - Tisvilde H\u00f8jskole","robots":{"index":"index","follow":"follow","max-snippet":"max-snippet:-1","max-image-preview":"max-image-preview:large","max-video-preview":"max-video-preview:-1"},"canonical":"https:\/\/tisvildehoejskole.dk\/en\/tisvilde-hojskolens-venner\/","og_locale":"en_US","og_type":"article","og_title":"Tisvilde h\u00f8jskoles venner - Tisvilde H\u00f8jskole","og_description":"Meld dig ind i Tisvilde H\u00f8jskoles venner Alle Venneforeningens medlemmer har meldt sig ind efter en god oplevelse p\u00e5 eller i forbindelse med h\u00f8jskolen. Vi h\u00e5ber du\/I bliver de n\u00e6ste, [&hellip;]","og_url":"https:\/\/tisvildehoejskole.dk\/en\/tisvilde-hojskolens-venner\/","og_site_name":"Tisvilde H\u00f8jskole","article_publisher":"https:\/\/www.facebook.com\/Tisvildehoejskole","article_modified_time":"2026-01-15T15:53:26+00:00","og_image":[{"width":1500,"height":378,"url":"https:\/\/tisvildehoejskole.dk\/wp-content\/uploads\/2025\/10\/Logo.png","type":"image\/png"}],"twitter_card":"summary_large_image","twitter_misc":{"Est. reading time":"2 minutes"},"schema":{"@context":"https:\/\/schema.org","@graph":[{"@type":"WebPage","@id":"https:\/\/tisvildehoejskole.dk\/tisvilde-hojskolens-venner\/","url":"https:\/\/tisvildehoejskole.dk\/tisvilde-hojskolens-venner\/","name":"Tisvilde h\u00f8jskoles venner - Tisvilde H\u00f8jskole","isPartOf":{"@id":"https:\/\/tisvildehoejskole.dk\/#website"},"primaryImageOfPage":{"@id":"https:\/\/tisvildehoejskole.dk\/tisvilde-hojskolens-venner\/#primaryimage"},"image":{"@id":"https:\/\/tisvildehoejskole.dk\/tisvilde-hojskolens-venner\/#primaryimage"},"thumbnailUrl":"https:\/\/tisvildehoejskole.dk\/wp-content\/uploads\/2025\/10\/Logo.png","datePublished":"2021-06-30T07:20:54+00:00","dateModified":"2026-01-15T15:53:26+00:00","breadcrumb":{"@id":"https:\/\/tisvildehoejskole.dk\/tisvilde-hojskolens-venner\/#breadcrumb"},"inLanguage":"en-US","potentialAction":[{"@type":"ReadAction","target":["https:\/\/tisvildehoejskole.dk\/tisvilde-hojskolens-venner\/"]}]},{"@type":"ImageObject","inLanguage":"en-US","@id":"https:\/\/tisvildehoejskole.dk\/tisvilde-hojskolens-venner\/#primaryimage","url":"https:\/\/tisvildehoejskole.dk\/wp-content\/uploads\/2025\/10\/Logo.png","contentUrl":"https:\/\/tisvildehoejskole.dk\/wp-content\/uploads\/2025\/10\/Logo.png"},{"@type":"BreadcrumbList","@id":"https:\/\/tisvildehoejskole.dk\/tisvilde-hojskolens-venner\/#breadcrumb","itemListElement":[{"@type":"ListItem","position":1,"name":"Hjem","item":"https:\/\/tisvildehoejskole.dk\/"},{"@type":"ListItem","position":2,"name":"Tisvilde h\u00f8jskoles venner"}]},{"@type":"WebSite","@id":"https:\/\/tisvildehoejskole.dk\/#website","url":"https:\/\/tisvildehoejskole.dk\/","name":"Tisvilde H\u00f8jskole","description":"kultur, ferie &amp; kursushotel","publisher":{"@id":"https:\/\/tisvildehoejskole.dk\/#organization"},"potentialAction":[{"@type":"SearchAction","target":{"@type":"EntryPoint","urlTemplate":"https:\/\/tisvildehoejskole.dk\/?s={search_term_string}"},"query-input":{"@type":"PropertyValueSpecification","valueRequired":true,"valueName":"search_term_string"}}],"inLanguage":"en-US"},{"@type":"Organization","@id":"https:\/\/tisvildehoejskole.dk\/#organization","name":"Tisvilde H\u00f8jskole","url":"https:\/\/tisvildehoejskole.dk\/","logo":{"@type":"ImageObject","inLanguage":"en-US","@id":"https:\/\/tisvildehoejskole.dk\/#\/schema\/logo\/image\/","url":"https:\/\/tisvildehoejskole.dk\/wp-content\/uploads\/2021\/07\/Tisvilde-Hojskole-Logo-Bla.png","contentUrl":"https:\/\/tisvildehoejskole.dk\/wp-content\/uploads\/2021\/07\/Tisvilde-Hojskole-Logo-Bla.png","width":4633,"height":1061,"caption":"Tisvilde H\u00f8jskole"},"image":{"@id":"https:\/\/tisvildehoejskole.dk\/#\/schema\/logo\/image\/"},"sameAs":["https:\/\/www.facebook.com\/Tisvildehoejskole"]}]}},"_links":{"self":[{"href":"https:\/\/tisvildehoejskole.dk\/en\/wp-json\/wp\/v2\/pages\/3182","targetHints":{"allow":["GET"]}}],"collection":[{"href":"https:\/\/tisvildehoejskole.dk\/en\/wp-json\/wp\/v2\/pages"}],"about":[{"href":"https:\/\/tisvildehoejskole.dk\/en\/wp-json\/wp\/v2\/types\/page"}],"author":[{"embeddable":true,"href":"https:\/\/tisvildehoejskole.dk\/en\/wp-json\/wp\/v2\/users\/8"}],"replies":[{"embeddable":true,"href":"https:\/\/tisvildehoejskole.dk\/en\/wp-json\/wp\/v2\/comments?post=3182"}],"version-history":[{"count":17,"href":"https:\/\/tisvildehoejskole.dk\/en\/wp-json\/wp\/v2\/pages\/3182\/revisions"}],"predecessor-version":[{"id":14889,"href":"https:\/\/tisvildehoejskole.dk\/en\/wp-json\/wp\/v2\/pages\/3182\/revisions\/14889"}],"wp:attachment":[{"href":"https:\/\/tisvildehoejskole.dk\/en\/wp-json\/wp\/v2\/media?parent=3182"}],"curies":[{"name":"wp","href":"https:\/\/api.w.org\/{rel}","templated":true}]}}