{"id":3188,"date":"2021-06-30T07:40:37","date_gmt":"2021-06-30T07:40:37","guid":{"rendered":"https:\/\/tisvildehojskole.ducklasweb.dk\/?page_id=3188"},"modified":"2025-10-28T10:54:40","modified_gmt":"2025-10-28T09:54:40","slug":"kursushotel","status":"publish","type":"page","link":"https:\/\/tisvildehoejskole.dk\/en\/kursushotel\/","title":{"rendered":"Kursushotel"},"content":{"rendered":"<div data-colibri-id=\"3188-c1\" class=\"style-1044 style-local-3188-c1 position-relative\">\n  <!---->\n  <div data-colibri-component=\"section\" data-colibri-id=\"3188-c2\" id=\"overlappable\" class=\"h-section h-section-global-spacing d-flex align-items-lg-center align-items-md-center align-items-center style-1058 style-local-3188-c2 position-relative\">\n    <!---->\n    <!---->\n    <div class=\"h-section-grid-container h-section-boxed-container\">\n      <!---->\n      <div data-colibri-id=\"3188-c3\" class=\"h-row-container gutters-row-lg-0 gutters-row-md-0 gutters-row-0 gutters-row-v-lg-0 gutters-row-v-md-0 gutters-row-v-0 style-1059 style-local-3188-c3 position-relative\">\n        <!---->\n        <div class=\"h-row justify-content-lg-center justify-content-md-center justify-content-center align-items-lg-stretch align-items-md-stretch align-items-stretch gutters-col-lg-0 gutters-col-md-0 gutters-col-0 gutters-col-v-lg-0 gutters-col-v-md-0 gutters-col-v-0\">\n          <!---->\n          <div class=\"h-column h-column-container d-flex h-col-lg-auto h-col-md-auto h-col-auto style-1060-outer style-local-3188-c4-outer\">\n            <div data-colibri-id=\"3188-c4\" class=\"d-flex h-flex-basis h-column__inner h-ui-empty-state-container h-px-lg-0 h-px-md-0 h-px-0 v-inner-lg-0 v-inner-md-0 v-inner-0 style-1060 style-local-3188-c4 position-relative\">\n              <!---->\n              <!---->\n              <div class=\"w-100 h-y-container h-column__content h-column__v-align flex-basis-100\">\n                <!---->\n              <\/div>\n            <\/div>\n          <\/div>\n          <div class=\"h-column h-column-container d-flex h-col-lg-auto h-col-md-auto h-col-auto style-1061-outer style-local-3188-c5-outer\">\n            <div data-colibri-id=\"3188-c5\" class=\"d-flex h-flex-basis h-column__inner h-px-lg-2 h-px-md-2 h-px-2 v-inner-lg-2 v-inner-md-2 v-inner-2 style-1061 style-local-3188-c5 position-relative\">\n              <!---->\n              <!---->\n              <div class=\"w-100 h-y-container h-column__content h-column__v-align flex-basis-100 align-self-lg-center align-self-md-center align-self-center\">\n                <!---->\n                <div data-colibri-id=\"3188-c16\" class=\"h-text h-text-component style-1782 style-local-3188-c16 position-relative h-element\">\n                  <!---->\n                  <!---->\n                  <div class=\"\">\n                    <p><strong>Har I brug for hjertevarme rum, gode faciliteter, sk\u00f8n forplejning og fantastisk beliggenhed, s\u00e5 lej jer ind I den gamle h\u00f8jskole med h\u00f8jt til loftet. Her kan stort set alt lade sig g\u00f8re! Vi ser frem til at byde jer velkommen.<\/strong><\/p>\n                    <p>Tisvilde h\u00f8jskole og kursushotel ligger I sm\u00f8rhullet af den gamle fiskerby tisvildeleje &#8211; lige overfor tisvildeleje station, med butikkerne, de hyggelige cafeer, den fine biograf, glaspusterierne og kunstgallerierne I umiddelbar n\u00e6rhed.<\/p>\n                    <p>Her bor man I et fint gammelt badehotel &#8211; tidligere hed det pension julsg\u00e5rd (fra 1912) &#8211; som rummer en dejlig lys spisesal, en hyggelig dagligstue med flygel, bibliotek, foredragssale med direkte adgang til m\u00f8blerede terrasser, hyggelige,\n                      lyse v\u00e6relser og en fantastisk have med pavillon, petanquebane, livsnyderb\u00e6nke, sk\u00f8nne t\u00e6nkekroge og havebassin fyldt med guldfisk og \u00e5kander.<\/p>\n                    <p>Udsmykningen af kursushotellet best\u00e5r af egne malerier samt udl\u00e5nte malerier fra statens kunstfond og vejby tibirke selskabet.<\/p>\n                  <\/div>\n                <\/div>\n              <\/div>\n            <\/div>\n          <\/div>\n          <div class=\"h-column h-column-container d-flex h-col-lg-auto h-col-md-auto h-col-auto style-1061-outer style-local-3188-c7-outer\">\n            <div data-colibri-id=\"3188-c7\" class=\"d-flex h-flex-basis h-column__inner h-px-lg-2 h-px-md-2 h-px-2 v-inner-lg-2 v-inner-md-2 v-inner-2 style-1061 style-local-3188-c7 position-relative\">\n              <!---->\n              <!---->\n              <div class=\"w-100 h-y-container h-column__content h-column__v-align flex-basis-100 align-self-lg-center align-self-md-center align-self-center\">\n                <!---->\n                <div data-colibri-id=\"3188-c17\" class=\"h-text h-text-component style-1783 style-local-3188-c17 position-relative h-element\">\n                  <!---->\n                  <!---->\n                  <div class=\"\">\n                    <p><strong>Forplejning<\/strong><\/p>\n                    <p>Vores forplejning og service er i top. Vi g\u00f8r alt for at give dig en kulinarisk oplevelse, der gl\u00e6der dine smagssanser. Maden tilberedes fra bunden af friske, delvist \u00f8kologiske varer, og al br\u00f8d er hjemmebagt. Det er muligt at bestille\n                      vegetarisk mad til hele kursusopholdet. Individuelle \u00f8nsker til forplejning im\u00f8dekommes.<\/p>\n                    <p>Faciliteter<\/p>\n                    <p>To foredragssale, spisesal, dagligstue og bibliotek, der kan rumme op til 72 personer. AV-udstyr samt tr\u00e5dl\u00f8st internet. Vi r\u00e5der over et Wilhelm Steinberg-flygel, to klaverer; Yamaha B2 samt el-klaver.<\/p>\n                    <p>Der er mulighed for at lave grupperum efter behov. Kursushotellet har 35 v\u00e6relser, heraf 16 dobbeltv\u00e6relser, 19 toiletter og 14 badev\u00e6relser. Der forefindes bad og toiletter p\u00e5 gangene. Vi tilpasser pris og serveringer efter \u00f8nsker\n                      om hele eller halve kursusd\u00f8gn. Som kursusarrang\u00f8r har du mulighed for at booke hele kursushotellet, s\u00e5 I ikke forstyrres af andre g\u00e6ster eller skal dele faciliteter.<\/p>\n                  <\/div>\n                <\/div>\n              <\/div>\n            <\/div>\n          <\/div>\n          <div class=\"h-column h-column-container d-flex h-col-lg-auto h-col-md-auto h-col-auto style-1066-outer style-local-3188-c9-outer\">\n            <div data-colibri-id=\"3188-c9\" class=\"d-flex h-flex-basis h-column__inner h-ui-empty-state-container h-px-lg-0 h-px-md-0 h-px-0 v-inner-lg-0 v-inner-md-0 v-inner-0 style-1066 style-local-3188-c9 position-relative\">\n              <!---->\n              <!---->\n              <div class=\"w-100 h-y-container h-column__content h-column__v-align flex-basis-100\">\n                <!---->\n              <\/div>\n            <\/div>\n          <\/div>\n          <div class=\"h-column h-column-container d-flex h-col-lg-auto h-col-md-auto h-col-auto style-1519-outer style-local-3188-c10-outer\">\n            <div data-colibri-id=\"3188-c10\" class=\"d-flex h-flex-basis h-column__inner h-ui-empty-state-container h-px-lg-2 h-px-md-2 h-px-2 v-inner-lg-2 v-inner-md-2 v-inner-2 style-1519 style-local-3188-c10 position-relative\">\n              <!---->\n              <!---->\n              <div class=\"w-100 h-y-container h-column__content h-column__v-align flex-basis-100\">\n                <!---->\n              <\/div>\n            <\/div>\n          <\/div>\n          <div class=\"h-column h-column-container d-flex h-col-lg-auto h-col-md-auto h-col-auto style-1061-outer style-local-3188-c11-outer\">\n            <div data-colibri-id=\"3188-c11\" class=\"d-flex h-flex-basis h-column__inner h-px-lg-2 h-px-md-2 h-px-2 v-inner-lg-2 v-inner-md-2 v-inner-2 style-1061 style-local-3188-c11 position-relative\">\n              <!---->\n              <!---->\n              <div class=\"w-100 h-y-container h-column__content h-column__v-align flex-basis-100 align-self-lg-center align-self-md-center align-self-center\">\n                <!---->\n                <div data-colibri-id=\"3188-c18\" class=\"h-text h-text-component style-1784 style-local-3188-c18 position-relative h-element\">\n                  <!---->\n                  <!---->\n                  <div class=\"\">\n                    <p><strong>Essensen af Nordkysten<\/strong><\/p>\n                    <p>Tisvilde H\u00f8jskole er i n\u00e6rhed til helt unikke naturperler. Det fantastiske Tisvilde Hegn med de rolige b\u00f8ge, de flimrende birke, troldeskov, mosser, blussende fyrrestammer og gamle ege, man kan finde dyb og stille ro i. Og Kattegat\n                      bruser og b\u00f8lger for enden af hovedgaden, i rar afstand fra h\u00f8jskolen.<\/p>\n                    <p>Nordkysten er kendetegnet af den helt s\u00e6rlige kystvegetation, sandet og de snoede og rynkeroseduftende stier, hvor man bliver salig helt ind i sj\u00e6len. Her tr\u00e6kker sj\u00e6ldne fuglearter, her er krat og skjul og bl\u00e6ndende solnedgangsstunder.<\/p>\n                    <p>Man forlader verden en lille smule \u2013 pr\u00f8v selv \u2013 og f\u00e5 skuldrene ned og tempoet liges\u00e5, find ind i den fine have, den smukke gamle bygning, ind i alle tider, der m\u00f8des her, og h\u00f8jskolens hjertekammer.<\/p>\n                    <p>Mange kor og foreninger lejer sig ind og afholder workshops hos os, typisk henover en weekend, som man kan se detaljeret nedenfor. Men kontakt os endelig for at h\u00f8re mere om andre typer ophold, der kan matche netop jeres \u00f8nsker.<\/p>\n                  <\/div>\n                <\/div>\n              <\/div>\n            <\/div>\n          <\/div>\n          <div class=\"h-column h-column-container d-flex h-col-lg-auto h-col-md-auto h-col-auto style-1522-outer style-local-3188-c13-outer\">\n            <div data-colibri-id=\"3188-c13\" class=\"d-flex h-flex-basis h-column__inner h-px-lg-2 h-px-md-2 h-px-2 v-inner-lg-2 v-inner-md-2 v-inner-2 style-1522 style-local-3188-c13 position-relative\">\n              <!---->\n              <!---->\n              <div class=\"w-100 h-y-container h-column__content h-column__v-align flex-basis-100 align-self-lg-start align-self-md-start align-self-start\">\n                <!---->\n                <div data-colibri-id=\"3188-c14\" class=\"h-text h-text-component style-1063 style-local-3188-c14 position-relative h-element\">\n                  <!---->\n                  <!---->\n                  <div class=\"\">\n                    <h5><strong style=\"font-weight: 700; font-size: 16px; font-family: Muli; color: rgb(37, 41, 42);\">Workshop med min. 30 pers.&nbsp;<\/strong><\/h5>\n                    <p>2 n\u00e6tter &#8211; fredag til s\u00f8ndag &#8211; med ankomst kl. 19.00 og afrejse kl. 13.00.<\/p>\n                    <h5><strong style=\"color: rgb(37, 41, 42); font-family: Muli; font-size: 16px; font-weight: 700;\">Kr. 1.900,- pr. person&nbsp;<\/strong><span style=\"color: rgb(37, 41, 42); font-family: &quot;Open Sans&quot;; font-size: 16px; font-weight: 400;\">&#8211;&nbsp;rabat kr. 400,- ved delt dobbeltv\u00e6relse<\/span>&nbsp;<\/h5>\n                    <h5><strong style=\"color: rgb(37, 41, 42); font-family: Muli; font-size: 16px; font-weight: 700;\">Opholdet inkluderer:<\/strong>\n                      <br>\n                    <\/h5>\n                    <p>Fredag:<\/p>\n                    <ul>\n                      <li>Aftenkaffe\/te kl. 20.00<\/li>\n                    <\/ul>\n                    <p>L\u00f8rdag:<\/p>\n                    <ul>\n                      <li>Morgenmad kl. 8.00 &#8211; 9.00<\/li>\n                      <li>Formiddagskaffe\/te kl. 10.30<\/li>\n                      <li>Middagsmad kl. 12.00 \/ 2-retters menu<\/li>\n                      <li>Eftermiddagskaffe\/te kl. 15.00<\/li>\n                      <li>Kold\/varm buffet kl. 18.00<\/li>\n                      <li>Aftenkaffe\/te kl. 20.00<\/li>\n                    <\/ul>\n                    <p>S\u00f8ndag:<\/p>\n                    <p>Brunch kl. 8.30 &#8211; 10.00<\/p>\n                  <\/div>\n                <\/div>\n              <\/div>\n            <\/div>\n          <\/div>\n          <div class=\"h-column h-column-container d-flex h-col-lg-auto h-col-md-auto h-col-auto style-1523-outer style-local-3188-c15-outer\">\n            <div data-colibri-id=\"3188-c15\" class=\"d-flex h-flex-basis h-column__inner h-ui-empty-state-container h-px-lg-2 h-px-md-2 h-px-2 v-inner-lg-2 v-inner-md-2 v-inner-2 style-1523 style-local-3188-c15 position-relative\">\n              <!---->\n              <!---->\n              <div class=\"w-100 h-y-container h-column__content h-column__v-align flex-basis-100\">\n                <!---->\n              <\/div>\n            <\/div>\n          <\/div>\n        <\/div>\n      <\/div>\n    <\/div>\n  <\/div>\n<\/div>","protected":false},"excerpt":{"rendered":"<p>Har I brug for hjertevarme rum, gode faciliteter, sk\u00f8n forplejning og fantastisk beliggenhed, s\u00e5 lej jer ind I den gamle h\u00f8jskole med h\u00f8jt til loftet. Her kan stort set alt [&hellip;]<\/p>","protected":false},"author":8,"featured_media":0,"parent":0,"menu_order":0,"comment_status":"closed","ping_status":"closed","template":"page-templates\/full-width-page.php","meta":{"_acf_changed":false,"footnotes":""},"class_list":["post-3188","page","type-page","status-publish","hentry"],"acf":[],"yoast_head":"<!-- This site is optimized with the Yoast SEO plugin v26.5 - https:\/\/yoast.com\/wordpress\/plugins\/seo\/ -->\n<title>Kursushotel - Tisvilde H\u00f8jskole<\/title>\n<meta name=\"robots\" content=\"index, follow, max-snippet:-1, max-image-preview:large, max-video-preview:-1\" \/>\n<link rel=\"canonical\" href=\"https:\/\/tisvildehoejskole.dk\/en\/kursushotel\/\" \/>\n<meta property=\"og:locale\" content=\"en_US\" \/>\n<meta property=\"og:type\" content=\"article\" \/>\n<meta property=\"og:title\" content=\"Kursushotel - Tisvilde H\u00f8jskole\" \/>\n<meta property=\"og:description\" content=\"Har I brug for hjertevarme rum, gode faciliteter, sk\u00f8n forplejning og fantastisk beliggenhed, s\u00e5 lej jer ind I den gamle h\u00f8jskole med h\u00f8jt til loftet. Her kan stort set alt [&hellip;]\" \/>\n<meta property=\"og:url\" content=\"https:\/\/tisvildehoejskole.dk\/en\/kursushotel\/\" \/>\n<meta property=\"og:site_name\" content=\"Tisvilde H\u00f8jskole\" \/>\n<meta property=\"article:publisher\" content=\"https:\/\/www.facebook.com\/Tisvildehoejskole\" \/>\n<meta property=\"article:modified_time\" content=\"2025-10-28T09:54:40+00:00\" \/>\n<meta name=\"twitter:card\" content=\"summary_large_image\" \/>\n<meta name=\"twitter:label1\" content=\"Est. reading time\" \/>\n\t<meta name=\"twitter:data1\" content=\"3 minutes\" \/>\n<script type=\"application\/ld+json\" class=\"yoast-schema-graph\">{\"@context\":\"https:\/\/schema.org\",\"@graph\":[{\"@type\":\"WebPage\",\"@id\":\"https:\/\/tisvildehoejskole.dk\/kursushotel\/\",\"url\":\"https:\/\/tisvildehoejskole.dk\/kursushotel\/\",\"name\":\"Kursushotel - Tisvilde H\u00f8jskole\",\"isPartOf\":{\"@id\":\"https:\/\/tisvildehoejskole.dk\/#website\"},\"datePublished\":\"2021-06-30T07:40:37+00:00\",\"dateModified\":\"2025-10-28T09:54:40+00:00\",\"breadcrumb\":{\"@id\":\"https:\/\/tisvildehoejskole.dk\/kursushotel\/#breadcrumb\"},\"inLanguage\":\"en-US\",\"potentialAction\":[{\"@type\":\"ReadAction\",\"target\":[\"https:\/\/tisvildehoejskole.dk\/kursushotel\/\"]}]},{\"@type\":\"BreadcrumbList\",\"@id\":\"https:\/\/tisvildehoejskole.dk\/kursushotel\/#breadcrumb\",\"itemListElement\":[{\"@type\":\"ListItem\",\"position\":1,\"name\":\"Hjem\",\"item\":\"https:\/\/tisvildehoejskole.dk\/\"},{\"@type\":\"ListItem\",\"position\":2,\"name\":\"Kursushotel\"}]},{\"@type\":\"WebSite\",\"@id\":\"https:\/\/tisvildehoejskole.dk\/#website\",\"url\":\"https:\/\/tisvildehoejskole.dk\/\",\"name\":\"Tisvilde H\u00f8jskole\",\"description\":\"kultur, ferie &amp; kursushotel\",\"publisher\":{\"@id\":\"https:\/\/tisvildehoejskole.dk\/#organization\"},\"potentialAction\":[{\"@type\":\"SearchAction\",\"target\":{\"@type\":\"EntryPoint\",\"urlTemplate\":\"https:\/\/tisvildehoejskole.dk\/?s={search_term_string}\"},\"query-input\":{\"@type\":\"PropertyValueSpecification\",\"valueRequired\":true,\"valueName\":\"search_term_string\"}}],\"inLanguage\":\"en-US\"},{\"@type\":\"Organization\",\"@id\":\"https:\/\/tisvildehoejskole.dk\/#organization\",\"name\":\"Tisvilde H\u00f8jskole\",\"url\":\"https:\/\/tisvildehoejskole.dk\/\",\"logo\":{\"@type\":\"ImageObject\",\"inLanguage\":\"en-US\",\"@id\":\"https:\/\/tisvildehoejskole.dk\/#\/schema\/logo\/image\/\",\"url\":\"https:\/\/tisvildehoejskole.dk\/wp-content\/uploads\/2021\/07\/Tisvilde-Hojskole-Logo-Bla.png\",\"contentUrl\":\"https:\/\/tisvildehoejskole.dk\/wp-content\/uploads\/2021\/07\/Tisvilde-Hojskole-Logo-Bla.png\",\"width\":4633,\"height\":1061,\"caption\":\"Tisvilde H\u00f8jskole\"},\"image\":{\"@id\":\"https:\/\/tisvildehoejskole.dk\/#\/schema\/logo\/image\/\"},\"sameAs\":[\"https:\/\/www.facebook.com\/Tisvildehoejskole\"]}]}<\/script>\n<!-- \/ Yoast SEO plugin. -->","yoast_head_json":{"title":"Kursushotel - Tisvilde H\u00f8jskole","robots":{"index":"index","follow":"follow","max-snippet":"max-snippet:-1","max-image-preview":"max-image-preview:large","max-video-preview":"max-video-preview:-1"},"canonical":"https:\/\/tisvildehoejskole.dk\/en\/kursushotel\/","og_locale":"en_US","og_type":"article","og_title":"Kursushotel - Tisvilde H\u00f8jskole","og_description":"Har I brug for hjertevarme rum, gode faciliteter, sk\u00f8n forplejning og fantastisk beliggenhed, s\u00e5 lej jer ind I den gamle h\u00f8jskole med h\u00f8jt til loftet. Her kan stort set alt [&hellip;]","og_url":"https:\/\/tisvildehoejskole.dk\/en\/kursushotel\/","og_site_name":"Tisvilde H\u00f8jskole","article_publisher":"https:\/\/www.facebook.com\/Tisvildehoejskole","article_modified_time":"2025-10-28T09:54:40+00:00","twitter_card":"summary_large_image","twitter_misc":{"Est. reading time":"3 minutes"},"schema":{"@context":"https:\/\/schema.org","@graph":[{"@type":"WebPage","@id":"https:\/\/tisvildehoejskole.dk\/kursushotel\/","url":"https:\/\/tisvildehoejskole.dk\/kursushotel\/","name":"Kursushotel - Tisvilde H\u00f8jskole","isPartOf":{"@id":"https:\/\/tisvildehoejskole.dk\/#website"},"datePublished":"2021-06-30T07:40:37+00:00","dateModified":"2025-10-28T09:54:40+00:00","breadcrumb":{"@id":"https:\/\/tisvildehoejskole.dk\/kursushotel\/#breadcrumb"},"inLanguage":"en-US","potentialAction":[{"@type":"ReadAction","target":["https:\/\/tisvildehoejskole.dk\/kursushotel\/"]}]},{"@type":"BreadcrumbList","@id":"https:\/\/tisvildehoejskole.dk\/kursushotel\/#breadcrumb","itemListElement":[{"@type":"ListItem","position":1,"name":"Hjem","item":"https:\/\/tisvildehoejskole.dk\/"},{"@type":"ListItem","position":2,"name":"Kursushotel"}]},{"@type":"WebSite","@id":"https:\/\/tisvildehoejskole.dk\/#website","url":"https:\/\/tisvildehoejskole.dk\/","name":"Tisvilde H\u00f8jskole","description":"kultur, ferie &amp; kursushotel","publisher":{"@id":"https:\/\/tisvildehoejskole.dk\/#organization"},"potentialAction":[{"@type":"SearchAction","target":{"@type":"EntryPoint","urlTemplate":"https:\/\/tisvildehoejskole.dk\/?s={search_term_string}"},"query-input":{"@type":"PropertyValueSpecification","valueRequired":true,"valueName":"search_term_string"}}],"inLanguage":"en-US"},{"@type":"Organization","@id":"https:\/\/tisvildehoejskole.dk\/#organization","name":"Tisvilde H\u00f8jskole","url":"https:\/\/tisvildehoejskole.dk\/","logo":{"@type":"ImageObject","inLanguage":"en-US","@id":"https:\/\/tisvildehoejskole.dk\/#\/schema\/logo\/image\/","url":"https:\/\/tisvildehoejskole.dk\/wp-content\/uploads\/2021\/07\/Tisvilde-Hojskole-Logo-Bla.png","contentUrl":"https:\/\/tisvildehoejskole.dk\/wp-content\/uploads\/2021\/07\/Tisvilde-Hojskole-Logo-Bla.png","width":4633,"height":1061,"caption":"Tisvilde H\u00f8jskole"},"image":{"@id":"https:\/\/tisvildehoejskole.dk\/#\/schema\/logo\/image\/"},"sameAs":["https:\/\/www.facebook.com\/Tisvildehoejskole"]}]}},"_links":{"self":[{"href":"https:\/\/tisvildehoejskole.dk\/en\/wp-json\/wp\/v2\/pages\/3188","targetHints":{"allow":["GET"]}}],"collection":[{"href":"https:\/\/tisvildehoejskole.dk\/en\/wp-json\/wp\/v2\/pages"}],"about":[{"href":"https:\/\/tisvildehoejskole.dk\/en\/wp-json\/wp\/v2\/types\/page"}],"author":[{"embeddable":true,"href":"https:\/\/tisvildehoejskole.dk\/en\/wp-json\/wp\/v2\/users\/8"}],"replies":[{"embeddable":true,"href":"https:\/\/tisvildehoejskole.dk\/en\/wp-json\/wp\/v2\/comments?post=3188"}],"version-history":[{"count":21,"href":"https:\/\/tisvildehoejskole.dk\/en\/wp-json\/wp\/v2\/pages\/3188\/revisions"}],"predecessor-version":[{"id":14461,"href":"https:\/\/tisvildehoejskole.dk\/en\/wp-json\/wp\/v2\/pages\/3188\/revisions\/14461"}],"wp:attachment":[{"href":"https:\/\/tisvildehoejskole.dk\/en\/wp-json\/wp\/v2\/media?parent=3188"}],"curies":[{"name":"wp","href":"https:\/\/api.w.org\/{rel}","templated":true}]}}