{"id":5,"date":"2019-08-28T11:33:54","date_gmt":"2019-08-28T11:33:54","guid":{"rendered":"http:\/\/gabi.extendstudio.net\/eco\/colibri-wp\/"},"modified":"2025-12-30T11:33:07","modified_gmt":"2025-12-30T10:33:07","slug":"colibri-wp","status":"publish","type":"page","link":"https:\/\/tisvildehoejskole.dk\/en\/","title":{"rendered":"Forside"},"content":{"rendered":"<div data-colibri-id=\"5-c1\" class=\"style-152 style-local-5-c1 position-relative\">\n  <!---->\n  <div data-colibri-component=\"section\" data-colibri-id=\"5-c2\" id=\"about-us\" class=\"h-section h-section-global-spacing d-flex align-items-lg-center align-items-md-center align-items-center style-193 style-local-5-c2 position-relative\">\n    <!---->\n    <!---->\n    <div class=\"h-section-grid-container h-section-boxed-container\">\n      <!---->\n      <div data-colibri-id=\"5-c3\" class=\"h-row-container gutters-row-lg-2 gutters-row-md-2 gutters-row-0 gutters-row-v-lg-2 gutters-row-v-md-2 gutters-row-v-2 style-1544 style-local-5-c3 position-relative\">\n        <!---->\n        <div class=\"h-row justify-content-lg-center justify-content-md-center justify-content-center align-items-lg-stretch align-items-md-stretch align-items-stretch gutters-col-lg-2 gutters-col-md-2 gutters-col-0 gutters-col-v-lg-2 gutters-col-v-md-2 gutters-col-v-2\">\n          <!---->\n          <div class=\"h-column h-column-container d-flex h-col-lg-auto h-col-md-auto h-col-auto style-1545-outer style-local-5-c4-outer\">\n            <div data-colibri-id=\"5-c4\" class=\"d-flex h-flex-basis h-column__inner h-px-lg-2 h-px-md-2 h-px-2 v-inner-lg-2 v-inner-md-2 v-inner-2 style-1545 style-local-5-c4 position-relative\">\n              <!---->\n              <!---->\n              <div class=\"w-100 h-y-container h-column__content h-column__v-align flex-basis-100 align-self-lg-start align-self-md-start align-self-start\">\n                <!---->\n                <div data-colibri-id=\"5-c5\" class=\"h-lead h-text h-text-component style-1175 style-local-5-c5 position-relative h-element\">\n                  <!---->\n                  <!---->\n                  <div class=\"\">\n                    <p>Tisvilde H\u00f8jskole ligger i centrum af det smukke Tisvildeleje med den kilometerlange sandstrand og det smukke Tisvilde Hegn. H\u00f8jskolen har hvert \u00e5r en lang r\u00e6kke sp\u00e6ndende, korte kurser.\n                      <br> <\/p>\n                    <p>Her er h\u00f8jt til loftet, en varm og hyggelig atmosf\u00e6re, musik og f\u00e6llesskab og s\u00f8de og hj\u00e6lpsomme medarbejdere.\n                      <br>K\u00f8kkenet fremtryller de l\u00e6kreste retter og hjemmebag,<span style=\"color: rgb(37, 41, 42); font-family: &quot;Open Sans&quot;; font-size: 20px; font-weight: 300;\">&nbsp;<\/span>t\u00e6nker gr\u00f8nt og g\u00e5r ind for \u00f8kologi.\n                      <br>\n                      <br>Vi gl\u00e6der os til at byde dig velkommen!<\/p>\n                  <\/div>\n                <\/div>\n              <\/div>\n            <\/div>\n          <\/div>\n        <\/div>\n      <\/div>\n      <div data-colibri-id=\"5-c6\" class=\"h-row-container gutters-row-lg-0 gutters-row-md-0 gutters-row-0 gutters-row-v-lg-0 gutters-row-v-md-0 gutters-row-v-0 style-1542 style-local-5-c6 position-relative\">\n        <!---->\n        <div class=\"h-row justify-content-lg-center justify-content-md-center justify-content-center align-items-lg-stretch align-items-md-stretch align-items-stretch gutters-col-lg-0 gutters-col-md-0 gutters-col-0 gutters-col-v-lg-0 gutters-col-v-md-0 gutters-col-v-0\">\n          <!---->\n          <div class=\"h-column h-column-container d-flex h-col-lg-auto h-col-md-auto h-col-auto style-1543-outer style-local-5-c7-outer\">\n            <div data-colibri-id=\"5-c7\" class=\"d-flex h-flex-basis h-column__inner h-px-lg-0 h-px-md-0 h-px-0 v-inner-lg-0 v-inner-md-0 v-inner-0 style-1543 style-local-5-c7 position-relative\">\n              <!---->\n              <!---->\n              <div class=\"w-100 h-y-container h-column__content h-column__v-align flex-basis-100 align-self-lg-start align-self-md-start align-self-start\">\n                <!---->\n                <div data-colibri-id=\"5-c8\" class=\"h-x-container style-340 style-local-5-c8 position-relative h-element\">\n                  <!---->\n                  <div class=\"h-x-container-inner style-dynamic-5-c8-group style-340-spacing style-local-5-c8-spacing\"><span class=\"h-button__outer style-341-outer style-local-5-c9-outer d-inline-flex h-element\"><a h-use-smooth-scroll=\"true\" href=\"https:\/\/www.kursus.tisvildehoejskole.dk\/\"  data-colibri-id=\"5-c9\" class=\"d-flex w-100 align-items-center h-button justify-content-lg-center justify-content-md-center justify-content-center style-341 style-local-5-c9 position-relative\"><!----><!----> <span>Kurser &amp; Arrangementer<\/span><\/a>\n                    <\/span>\n                  <\/div>\n                <\/div>\n              <\/div>\n            <\/div>\n          <\/div>\n        <\/div>\n      <\/div>\n    <\/div>\n  <\/div>\n<\/div>","protected":false},"excerpt":{"rendered":"<p>Tisvilde H\u00f8jskole ligger i centrum af det smukke Tisvildeleje med den kilometerlange sandstrand og det smukke Tisvilde Hegn. H\u00f8jskolen har hvert \u00e5r en lang r\u00e6kke sp\u00e6ndende, korte kurser. Her er [&hellip;]<\/p>","protected":false},"author":8,"featured_media":5450,"parent":0,"menu_order":0,"comment_status":"closed","ping_status":"closed","template":"page-templates\/full-width-page.php","meta":{"_acf_changed":false,"footnotes":""},"class_list":["post-5","page","type-page","status-publish","has-post-thumbnail","hentry"],"acf":[],"yoast_head":"<!-- This site is optimized with the Yoast SEO plugin v26.5 - https:\/\/yoast.com\/wordpress\/plugins\/seo\/ -->\n<title>Forside - Tisvilde H\u00f8jskole<\/title>\n<meta name=\"robots\" content=\"index, follow, max-snippet:-1, max-image-preview:large, max-video-preview:-1\" \/>\n<link rel=\"canonical\" href=\"https:\/\/tisvildehoejskole.dk\/en\/\" \/>\n<meta property=\"og:locale\" content=\"en_US\" \/>\n<meta property=\"og:type\" content=\"article\" \/>\n<meta property=\"og:title\" content=\"Forside - Tisvilde H\u00f8jskole\" \/>\n<meta property=\"og:description\" content=\"Tisvilde H\u00f8jskole ligger i centrum af det smukke Tisvildeleje med den kilometerlange sandstrand og det smukke Tisvilde Hegn. H\u00f8jskolen har hvert \u00e5r en lang r\u00e6kke sp\u00e6ndende, korte kurser. Her er [&hellip;]\" \/>\n<meta property=\"og:url\" content=\"https:\/\/tisvildehoejskole.dk\/en\/\" \/>\n<meta property=\"og:site_name\" content=\"Tisvilde H\u00f8jskole\" \/>\n<meta property=\"article:publisher\" content=\"https:\/\/www.facebook.com\/Tisvildehoejskole\" \/>\n<meta property=\"article:modified_time\" content=\"2025-12-30T10:33:07+00:00\" \/>\n<meta property=\"og:image\" content=\"https:\/\/tisvildehoejskole.dk\/wp-content\/uploads\/2021\/06\/cropped-cropped-gladelang2.jpeg\" \/>\n\t<meta property=\"og:image:width\" content=\"423\" \/>\n\t<meta property=\"og:image:height\" content=\"423\" \/>\n\t<meta property=\"og:image:type\" content=\"image\/jpeg\" \/>\n<meta name=\"twitter:card\" content=\"summary_large_image\" \/>\n<meta name=\"twitter:label1\" content=\"Est. reading time\" \/>\n\t<meta name=\"twitter:data1\" content=\"1 minute\" \/>\n<script type=\"application\/ld+json\" class=\"yoast-schema-graph\">{\"@context\":\"https:\/\/schema.org\",\"@graph\":[{\"@type\":\"WebPage\",\"@id\":\"https:\/\/tisvildehoejskole.dk\/\",\"url\":\"https:\/\/tisvildehoejskole.dk\/\",\"name\":\"Forside - Tisvilde H\u00f8jskole\",\"isPartOf\":{\"@id\":\"https:\/\/tisvildehoejskole.dk\/#website\"},\"primaryImageOfPage\":{\"@id\":\"https:\/\/tisvildehoejskole.dk\/#primaryimage\"},\"image\":{\"@id\":\"https:\/\/tisvildehoejskole.dk\/#primaryimage\"},\"thumbnailUrl\":\"https:\/\/tisvildehoejskole.dk\/wp-content\/uploads\/2022\/10\/tisvilde1-scaled.jpg\",\"datePublished\":\"2019-08-28T11:33:54+00:00\",\"dateModified\":\"2025-12-30T10:33:07+00:00\",\"breadcrumb\":{\"@id\":\"https:\/\/tisvildehoejskole.dk\/#breadcrumb\"},\"inLanguage\":\"en-US\",\"potentialAction\":[{\"@type\":\"ReadAction\",\"target\":[\"https:\/\/tisvildehoejskole.dk\/\"]}]},{\"@type\":\"ImageObject\",\"inLanguage\":\"en-US\",\"@id\":\"https:\/\/tisvildehoejskole.dk\/#primaryimage\",\"url\":\"https:\/\/tisvildehoejskole.dk\/wp-content\/uploads\/2022\/10\/tisvilde1-scaled.jpg\",\"contentUrl\":\"https:\/\/tisvildehoejskole.dk\/wp-content\/uploads\/2022\/10\/tisvilde1-scaled.jpg\",\"width\":2560,\"height\":1920},{\"@type\":\"BreadcrumbList\",\"@id\":\"https:\/\/tisvildehoejskole.dk\/#breadcrumb\",\"itemListElement\":[{\"@type\":\"ListItem\",\"position\":1,\"name\":\"Hjem\",\"item\":\"https:\/\/tisvildehoejskole.dk\/\"},{\"@type\":\"ListItem\",\"position\":2,\"name\":\"Forside\"}]},{\"@type\":\"WebSite\",\"@id\":\"https:\/\/tisvildehoejskole.dk\/#website\",\"url\":\"https:\/\/tisvildehoejskole.dk\/\",\"name\":\"Tisvilde H\u00f8jskole\",\"description\":\"kultur, ferie &amp; kursushotel\",\"publisher\":{\"@id\":\"https:\/\/tisvildehoejskole.dk\/#organization\"},\"potentialAction\":[{\"@type\":\"SearchAction\",\"target\":{\"@type\":\"EntryPoint\",\"urlTemplate\":\"https:\/\/tisvildehoejskole.dk\/?s={search_term_string}\"},\"query-input\":{\"@type\":\"PropertyValueSpecification\",\"valueRequired\":true,\"valueName\":\"search_term_string\"}}],\"inLanguage\":\"en-US\"},{\"@type\":\"Organization\",\"@id\":\"https:\/\/tisvildehoejskole.dk\/#organization\",\"name\":\"Tisvilde H\u00f8jskole\",\"url\":\"https:\/\/tisvildehoejskole.dk\/\",\"logo\":{\"@type\":\"ImageObject\",\"inLanguage\":\"en-US\",\"@id\":\"https:\/\/tisvildehoejskole.dk\/#\/schema\/logo\/image\/\",\"url\":\"https:\/\/tisvildehoejskole.dk\/wp-content\/uploads\/2021\/07\/Tisvilde-Hojskole-Logo-Bla.png\",\"contentUrl\":\"https:\/\/tisvildehoejskole.dk\/wp-content\/uploads\/2021\/07\/Tisvilde-Hojskole-Logo-Bla.png\",\"width\":4633,\"height\":1061,\"caption\":\"Tisvilde H\u00f8jskole\"},\"image\":{\"@id\":\"https:\/\/tisvildehoejskole.dk\/#\/schema\/logo\/image\/\"},\"sameAs\":[\"https:\/\/www.facebook.com\/Tisvildehoejskole\"]}]}<\/script>\n<!-- \/ Yoast SEO plugin. -->","yoast_head_json":{"title":"Forside - Tisvilde H\u00f8jskole","robots":{"index":"index","follow":"follow","max-snippet":"max-snippet:-1","max-image-preview":"max-image-preview:large","max-video-preview":"max-video-preview:-1"},"canonical":"https:\/\/tisvildehoejskole.dk\/en\/","og_locale":"en_US","og_type":"article","og_title":"Forside - Tisvilde H\u00f8jskole","og_description":"Tisvilde H\u00f8jskole ligger i centrum af det smukke Tisvildeleje med den kilometerlange sandstrand og det smukke Tisvilde Hegn. H\u00f8jskolen har hvert \u00e5r en lang r\u00e6kke sp\u00e6ndende, korte kurser. Her er [&hellip;]","og_url":"https:\/\/tisvildehoejskole.dk\/en\/","og_site_name":"Tisvilde H\u00f8jskole","article_publisher":"https:\/\/www.facebook.com\/Tisvildehoejskole","article_modified_time":"2025-12-30T10:33:07+00:00","og_image":[{"width":423,"height":423,"url":"https:\/\/tisvildehoejskole.dk\/wp-content\/uploads\/2021\/06\/cropped-cropped-gladelang2.jpeg","type":"image\/jpeg"}],"twitter_card":"summary_large_image","twitter_misc":{"Est. reading time":"1 minute"},"schema":{"@context":"https:\/\/schema.org","@graph":[{"@type":"WebPage","@id":"https:\/\/tisvildehoejskole.dk\/","url":"https:\/\/tisvildehoejskole.dk\/","name":"Forside - Tisvilde H\u00f8jskole","isPartOf":{"@id":"https:\/\/tisvildehoejskole.dk\/#website"},"primaryImageOfPage":{"@id":"https:\/\/tisvildehoejskole.dk\/#primaryimage"},"image":{"@id":"https:\/\/tisvildehoejskole.dk\/#primaryimage"},"thumbnailUrl":"https:\/\/tisvildehoejskole.dk\/wp-content\/uploads\/2022\/10\/tisvilde1-scaled.jpg","datePublished":"2019-08-28T11:33:54+00:00","dateModified":"2025-12-30T10:33:07+00:00","breadcrumb":{"@id":"https:\/\/tisvildehoejskole.dk\/#breadcrumb"},"inLanguage":"en-US","potentialAction":[{"@type":"ReadAction","target":["https:\/\/tisvildehoejskole.dk\/"]}]},{"@type":"ImageObject","inLanguage":"en-US","@id":"https:\/\/tisvildehoejskole.dk\/#primaryimage","url":"https:\/\/tisvildehoejskole.dk\/wp-content\/uploads\/2022\/10\/tisvilde1-scaled.jpg","contentUrl":"https:\/\/tisvildehoejskole.dk\/wp-content\/uploads\/2022\/10\/tisvilde1-scaled.jpg","width":2560,"height":1920},{"@type":"BreadcrumbList","@id":"https:\/\/tisvildehoejskole.dk\/#breadcrumb","itemListElement":[{"@type":"ListItem","position":1,"name":"Hjem","item":"https:\/\/tisvildehoejskole.dk\/"},{"@type":"ListItem","position":2,"name":"Forside"}]},{"@type":"WebSite","@id":"https:\/\/tisvildehoejskole.dk\/#website","url":"https:\/\/tisvildehoejskole.dk\/","name":"Tisvilde H\u00f8jskole","description":"kultur, ferie &amp; kursushotel","publisher":{"@id":"https:\/\/tisvildehoejskole.dk\/#organization"},"potentialAction":[{"@type":"SearchAction","target":{"@type":"EntryPoint","urlTemplate":"https:\/\/tisvildehoejskole.dk\/?s={search_term_string}"},"query-input":{"@type":"PropertyValueSpecification","valueRequired":true,"valueName":"search_term_string"}}],"inLanguage":"en-US"},{"@type":"Organization","@id":"https:\/\/tisvildehoejskole.dk\/#organization","name":"Tisvilde H\u00f8jskole","url":"https:\/\/tisvildehoejskole.dk\/","logo":{"@type":"ImageObject","inLanguage":"en-US","@id":"https:\/\/tisvildehoejskole.dk\/#\/schema\/logo\/image\/","url":"https:\/\/tisvildehoejskole.dk\/wp-content\/uploads\/2021\/07\/Tisvilde-Hojskole-Logo-Bla.png","contentUrl":"https:\/\/tisvildehoejskole.dk\/wp-content\/uploads\/2021\/07\/Tisvilde-Hojskole-Logo-Bla.png","width":4633,"height":1061,"caption":"Tisvilde H\u00f8jskole"},"image":{"@id":"https:\/\/tisvildehoejskole.dk\/#\/schema\/logo\/image\/"},"sameAs":["https:\/\/www.facebook.com\/Tisvildehoejskole"]}]}},"_links":{"self":[{"href":"https:\/\/tisvildehoejskole.dk\/en\/wp-json\/wp\/v2\/pages\/5","targetHints":{"allow":["GET"]}}],"collection":[{"href":"https:\/\/tisvildehoejskole.dk\/en\/wp-json\/wp\/v2\/pages"}],"about":[{"href":"https:\/\/tisvildehoejskole.dk\/en\/wp-json\/wp\/v2\/types\/page"}],"author":[{"embeddable":true,"href":"https:\/\/tisvildehoejskole.dk\/en\/wp-json\/wp\/v2\/users\/8"}],"replies":[{"embeddable":true,"href":"https:\/\/tisvildehoejskole.dk\/en\/wp-json\/wp\/v2\/comments?post=5"}],"version-history":[{"count":21,"href":"https:\/\/tisvildehoejskole.dk\/en\/wp-json\/wp\/v2\/pages\/5\/revisions"}],"predecessor-version":[{"id":14639,"href":"https:\/\/tisvildehoejskole.dk\/en\/wp-json\/wp\/v2\/pages\/5\/revisions\/14639"}],"wp:featuredmedia":[{"embeddable":true,"href":"https:\/\/tisvildehoejskole.dk\/en\/wp-json\/wp\/v2\/media\/5450"}],"wp:attachment":[{"href":"https:\/\/tisvildehoejskole.dk\/en\/wp-json\/wp\/v2\/media?parent=5"}],"curies":[{"name":"wp","href":"https:\/\/api.w.org\/{rel}","templated":true}]}}